{"id":19641,"date":"2024-10-15T07:12:55","date_gmt":"2024-10-15T07:12:55","guid":{"rendered":"https:\/\/birdinginspainswildwest.com\/accesibilidad\/"},"modified":"2024-11-22T12:09:26","modified_gmt":"2024-11-22T12:09:26","slug":"accesibilidad","status":"publish","type":"page","link":"https:\/\/birdinginspainswildwest.com\/es\/accesibilidad\/","title":{"rendered":"Accesibilidad"},"content":{"rendered":"\t\t<div data-elementor-type=\"wp-page\" data-elementor-id=\"19641\" class=\"elementor elementor-19641 elementor-18584\">\n\t\t\t\t\t\t<section class=\"elementor-section elementor-top-section elementor-element elementor-element-0c1c270 elementor-section-boxed elementor-section-height-default elementor-section-height-default sc_fly_static\" data-id=\"0c1c270\" data-element_type=\"section\" data-e-type=\"section\">\n\t\t\t\t\t\t<div class=\"elementor-container elementor-column-gap-extended\">\n\t\t\t\t\t<div class=\"elementor-column elementor-col-100 elementor-top-column elementor-element elementor-element-ef789bd sc_content_align_inherit sc_layouts_column_icons_position_left sc_fly_static\" data-id=\"ef789bd\" data-element_type=\"column\" data-e-type=\"column\">\n\t\t\t<div class=\"elementor-widget-wrap elementor-element-populated\">\n\t\t\t\t\t\t<div class=\"elementor-element elementor-element-f068a17 sc_fly_static elementor-widget elementor-widget-heading\" data-id=\"f068a17\" data-element_type=\"widget\" data-e-type=\"widget\" data-widget_type=\"heading.default\">\n\t\t\t\t<div class=\"elementor-widget-container\">\n\t\t\t\t\t<h1 class=\"elementor-heading-title elementor-size-default\">Accesibilidad<\/h1>\t\t\t\t<\/div>\n\t\t\t\t<\/div>\n\t\t\t\t<div class=\"elementor-element elementor-element-7113392 sc_fly_static elementor-widget elementor-widget-spacer\" data-id=\"7113392\" data-element_type=\"widget\" data-e-type=\"widget\" data-widget_type=\"spacer.default\">\n\t\t\t\t<div class=\"elementor-widget-container\">\n\t\t\t\t\t\t\t<div class=\"elementor-spacer\">\n\t\t\t<div class=\"elementor-spacer-inner\"><\/div>\n\t\t<\/div>\n\t\t\t\t\t\t<\/div>\n\t\t\t\t<\/div>\n\t\t\t\t<div class=\"elementor-element elementor-element-59d3228 sc_fly_static elementor-widget elementor-widget-text-editor\" data-id=\"59d3228\" data-element_type=\"widget\" data-e-type=\"widget\" data-widget_type=\"text-editor.default\">\n\t\t\t\t<div class=\"elementor-widget-container\">\n\t\t\t\t\t\t\t\t\t<p>Esta declaraci\u00f3n de accesibilidad se aplica al sitio web www.birdinginspainswildwest.com.<\/p>\n<p><strong>Estado de cumplimiento<\/strong><\/p>\n<p>Este sitio web cumple parcialmente el RD 1112\/2018 debido a las excepciones e incumplimientos que se enumeran en el siguiente apartado.<\/p>\n<p><strong>Contenido no accesible<\/strong><\/p>\n<p>El contenido que aparece a continuaci\u00f3n no es accesible por las siguientes razones:<\/p>\n<ul>\n<li>\n<p><strong>Incumplimiento del RD 1112\/2018<\/strong><\/p>\n<ul>\n<li>Puede haber documentos de oficina en PDF y otros formatos publicados despu\u00e9s del 20 de septiembre de 2018 que no cumplan plenamente los requisitos de accesibilidad. Los documentos accesibles pueden solicitarse a trav\u00e9s del formulario de contacto para presentar quejas y consultas. <\/li>\n<li>Puede haber errores ocasionales de edici\u00f3n de c\u00f3digo en algunas p\u00e1ginas web.  [4 .1.1 Processing]<\/li>\n<li>Algunos aspectos del contraste pueden no cumplir la relaci\u00f3n m\u00ednima requerida de 3:1 en lo que respecta a los colores de fondo adyacentes de determinadas secciones de la web.  [9 .1.4.11 Non-textual contrast]<\/li>\n<li>Algunos elementos no textuales pueden no estar correctamente etiquetados [2 .5.3 Label in name] y [4.1.2 Nombre, funci\u00f3n, valor].<\/li>\n<li>Las funciones de b\u00fasqueda pueden activarse autom\u00e1ticamente sin requerir ninguna acci\u00f3n del usuario.  [3 .2.2 On input]<\/li>\n<\/ul>\n<\/li>\n<li>\n<p><strong>Carga desproporcionada<\/strong><\/p>\n<ul>\n<li>No procede.<\/li>\n<\/ul>\n<\/li>\n<li>\n<p><strong>Contenido no incluido en el \u00e1mbito de la legislaci\u00f3n aplicable<\/strong><\/p>\n<ul>\n<li>Puede haber documentos ofim\u00e1ticos en PDF u otros formatos que no cumplan plenamente todos los requisitos de accesibilidad, aunque se han hecho esfuerzos para garantizar que la mayor\u00eda de ellos los cumplan.<\/li>\n<\/ul>\n<\/li>\n<\/ul>\n<p><strong>Preparaci\u00f3n de esta Declaraci\u00f3n de Accesibilidad<\/strong><\/p>\n<p>Esta declaraci\u00f3n se prepar\u00f3 el 18 de diciembre de 2022.<\/p>\n<p>El m\u00e9todo utilizado para elaborar esta declaraci\u00f3n fue una autoevaluaci\u00f3n realizada por la propia organizaci\u00f3n.<\/p>\n<p><strong>Comentarios e informaci\u00f3n de contacto<\/strong><\/p>\n<p>Puedes comunicar requisitos de accesibilidad (art\u00edculo 10.2.a del RD 1112\/2018), como por ejemplo<\/p>\n<ul>\n<li>Informar de cualquier posible incumplimiento por parte de este sitio web.<\/li>\n<li>Proporcionar otras dificultades de acceso a los contenidos.<\/li>\n<li>Enviando cualquier otra consulta o sugerencia para mejorar la accesibilidad del sitio web a trav\u00e9s del formulario de contacto de este sitio web.<\/li>\n<\/ul>\n<p>Puedes presentarte:<\/p>\n<ul>\n<li>Una queja relativa al cumplimiento de los requisitos del RD 1112\/2018, o<\/li>\n<li>Una solicitud de informaci\u00f3n accesible relativa a:\n<ul>\n<li>Contenidos excluidos del \u00e1mbito de aplicaci\u00f3n del RD 1112\/2018 seg\u00fan establece el art\u00edculo 3, apartado 4.<\/li>\n<li>Contenido exento de cumplimiento por imponer una carga desproporcionada.<\/li>\n<\/ul>\n<\/li>\n<\/ul>\n<p>La solicitud de informaci\u00f3n accesible debe especificar claramente los hechos, los motivos y la petici\u00f3n para verificar que se trata de una solicitud razonable y leg\u00edtima. Las quejas y reclamaciones sobre informaci\u00f3n accesible pueden presentarse a trav\u00e9s del formulario de contacto de este sitio web. <\/p>\n<p><strong>Contenido opcional<\/strong><\/p>\n<p>Este portal est\u00e1 dise\u00f1ado para permitir cambios en el tama\u00f1o y color del texto, as\u00ed como en el fondo de la p\u00e1gina, utilizando las opciones est\u00e1ndar de configuraci\u00f3n del navegador.<\/p>\n<p>Si deseas cambiar el tama\u00f1o de la fuente en los principales navegadores gr\u00e1ficos, utiliza los siguientes men\u00fas:<\/p>\n<ul>\n<li>Internet Explorer, Mozilla y Firefox: Ver &gt; Tama\u00f1o del texto<\/li>\n<li>\u00d3pera: Ver &gt; Zoom<\/li>\n<li>Safari: Ver &gt; Hacer el texto m\u00e1s grande<\/li>\n<li>Cromo: Controla la p\u00e1gina actual &gt; Tama\u00f1o del texto<\/li>\n<\/ul>\n<p>Para ajustar el tama\u00f1o de todo lo que hay en la p\u00e1gina:<\/p>\n<ul>\n<li>Ctrl + + para aumentar<\/li>\n<li>Ctrl + &#8211; para disminuir<\/li>\n<li>Ctrl + 0 para restaurar el tama\u00f1o original del texto<\/li>\n<\/ul>\n<p>Si quieres desactivar la hoja de estilo o cambiar el color del texto, puedes consultar la secci\u00f3n \u00abC\u00f3mo cambiar el tama\u00f1o o los colores del texto\u00bb.<\/p>\n\t\t\t\t\t\t\t\t<\/div>\n\t\t\t\t<\/div>\n\t\t\t\t\t<\/div>\n\t\t<\/div>\n\t\t\t\t\t<\/div>\n\t\t<\/section>\n\t\t\t\t<\/div>\n\t\t","protected":false},"excerpt":{"rendered":"<p>Accesibilidad Esta declaraci\u00f3n de accesibilidad se aplica al sitio web www.birdinginspainswildwest.com. Estado de cumplimiento Este sitio web cumple parcialmente el RD 1112\/2018 debido a las excepciones e incumplimientos que se&hellip;<\/p>\n","protected":false},"author":43,"featured_media":0,"parent":0,"menu_order":0,"comment_status":"closed","ping_status":"closed","template":"","meta":{"_glsr_average":0,"_glsr_ranking":0,"_glsr_reviews":0,"footnotes":""},"class_list":["post-19641","page","type-page","status-publish","hentry"],"yoast_head":"<!-- This site is optimized with the Yoast SEO plugin v27.4 - https:\/\/yoast.com\/product\/yoast-seo-wordpress\/ -->\n<title>Accesibilidad - BIRDING IN SPAIN&#039;S WILD WEST<\/title>\n<meta name=\"robots\" content=\"noindex, nofollow\" \/>\n<meta property=\"og:locale\" content=\"es_ES\" \/>\n<meta property=\"og:type\" content=\"article\" \/>\n<meta property=\"og:title\" content=\"Accesibilidad - BIRDING IN SPAIN&#039;S WILD WEST\" \/>\n<meta property=\"og:description\" content=\"Accesibilidad Esta declaraci\u00f3n de accesibilidad se aplica al sitio web www.birdinginspainswildwest.com. Estado de cumplimiento Este sitio web cumple parcialmente el RD 1112\/2018 debido a las excepciones e incumplimientos que se&hellip;\" \/>\n<meta property=\"og:url\" content=\"https:\/\/birdinginspainswildwest.com\/es\/accesibilidad\/\" \/>\n<meta property=\"og:site_name\" content=\"BIRDING IN SPAIN&#039;S WILD WEST\" \/>\n<meta property=\"article:modified_time\" content=\"2024-11-22T12:09:26+00:00\" \/>\n<meta name=\"twitter:card\" content=\"summary_large_image\" \/>\n<meta name=\"twitter:label1\" content=\"Tiempo de lectura\" \/>\n\t<meta name=\"twitter:data1\" content=\"3 minutos\" \/>\n<script type=\"application\/ld+json\" class=\"yoast-schema-graph\">{\"@context\":\"https:\\\/\\\/schema.org\",\"@graph\":[{\"@type\":\"WebPage\",\"@id\":\"https:\\\/\\\/birdinginspainswildwest.com\\\/es\\\/accesibilidad\\\/\",\"url\":\"https:\\\/\\\/birdinginspainswildwest.com\\\/es\\\/accesibilidad\\\/\",\"name\":\"Accesibilidad - BIRDING IN SPAIN&#039;S WILD WEST\",\"isPartOf\":{\"@id\":\"https:\\\/\\\/birdinginspainswildwest.com\\\/es\\\/#website\"},\"datePublished\":\"2024-10-15T07:12:55+00:00\",\"dateModified\":\"2024-11-22T12:09:26+00:00\",\"breadcrumb\":{\"@id\":\"https:\\\/\\\/birdinginspainswildwest.com\\\/es\\\/accesibilidad\\\/#breadcrumb\"},\"inLanguage\":\"es\",\"potentialAction\":[{\"@type\":\"ReadAction\",\"target\":[\"https:\\\/\\\/birdinginspainswildwest.com\\\/es\\\/accesibilidad\\\/\"]}]},{\"@type\":\"BreadcrumbList\",\"@id\":\"https:\\\/\\\/birdinginspainswildwest.com\\\/es\\\/accesibilidad\\\/#breadcrumb\",\"itemListElement\":[{\"@type\":\"ListItem\",\"position\":1,\"name\":\"Portada\",\"item\":\"https:\\\/\\\/birdinginspainswildwest.com\\\/es\\\/\"},{\"@type\":\"ListItem\",\"position\":2,\"name\":\"Accesibilidad\"}]},{\"@type\":\"WebSite\",\"@id\":\"https:\\\/\\\/birdinginspainswildwest.com\\\/es\\\/#website\",\"url\":\"https:\\\/\\\/birdinginspainswildwest.com\\\/es\\\/\",\"name\":\"BIRDING IN SPAIN&#039;S WILD WEST\",\"description\":\"Guided birding in the west of Spain\",\"publisher\":{\"@id\":\"https:\\\/\\\/birdinginspainswildwest.com\\\/es\\\/#organization\"},\"potentialAction\":[{\"@type\":\"SearchAction\",\"target\":{\"@type\":\"EntryPoint\",\"urlTemplate\":\"https:\\\/\\\/birdinginspainswildwest.com\\\/es\\\/?s={search_term_string}\"},\"query-input\":{\"@type\":\"PropertyValueSpecification\",\"valueRequired\":true,\"valueName\":\"search_term_string\"}}],\"inLanguage\":\"es\"},{\"@type\":\"Organization\",\"@id\":\"https:\\\/\\\/birdinginspainswildwest.com\\\/es\\\/#organization\",\"name\":\"BIRDING IN SPAIN&#039;S WILD WEST\",\"url\":\"https:\\\/\\\/birdinginspainswildwest.com\\\/es\\\/\",\"logo\":{\"@type\":\"ImageObject\",\"inLanguage\":\"es\",\"@id\":\"https:\\\/\\\/birdinginspainswildwest.com\\\/es\\\/#\\\/schema\\\/logo\\\/image\\\/\",\"url\":\"https:\\\/\\\/birdinginspainswildwest.com\\\/wp-content\\\/uploads\\\/2020\\\/06\\\/logotipo.webp\",\"contentUrl\":\"https:\\\/\\\/birdinginspainswildwest.com\\\/wp-content\\\/uploads\\\/2020\\\/06\\\/logotipo.webp\",\"width\":179,\"height\":171,\"caption\":\"BIRDING IN SPAIN&#039;S WILD WEST\"},\"image\":{\"@id\":\"https:\\\/\\\/birdinginspainswildwest.com\\\/es\\\/#\\\/schema\\\/logo\\\/image\\\/\"}}]}<\/script>\n<!-- \/ Yoast SEO plugin. -->","yoast_head_json":{"title":"Accesibilidad - BIRDING IN SPAIN&#039;S WILD WEST","robots":{"index":"noindex","follow":"nofollow"},"og_locale":"es_ES","og_type":"article","og_title":"Accesibilidad - BIRDING IN SPAIN&#039;S WILD WEST","og_description":"Accesibilidad Esta declaraci\u00f3n de accesibilidad se aplica al sitio web www.birdinginspainswildwest.com. Estado de cumplimiento Este sitio web cumple parcialmente el RD 1112\/2018 debido a las excepciones e incumplimientos que se&hellip;","og_url":"https:\/\/birdinginspainswildwest.com\/es\/accesibilidad\/","og_site_name":"BIRDING IN SPAIN&#039;S WILD WEST","article_modified_time":"2024-11-22T12:09:26+00:00","twitter_card":"summary_large_image","twitter_misc":{"Tiempo de lectura":"3 minutos"},"schema":{"@context":"https:\/\/schema.org","@graph":[{"@type":"WebPage","@id":"https:\/\/birdinginspainswildwest.com\/es\/accesibilidad\/","url":"https:\/\/birdinginspainswildwest.com\/es\/accesibilidad\/","name":"Accesibilidad - BIRDING IN SPAIN&#039;S WILD WEST","isPartOf":{"@id":"https:\/\/birdinginspainswildwest.com\/es\/#website"},"datePublished":"2024-10-15T07:12:55+00:00","dateModified":"2024-11-22T12:09:26+00:00","breadcrumb":{"@id":"https:\/\/birdinginspainswildwest.com\/es\/accesibilidad\/#breadcrumb"},"inLanguage":"es","potentialAction":[{"@type":"ReadAction","target":["https:\/\/birdinginspainswildwest.com\/es\/accesibilidad\/"]}]},{"@type":"BreadcrumbList","@id":"https:\/\/birdinginspainswildwest.com\/es\/accesibilidad\/#breadcrumb","itemListElement":[{"@type":"ListItem","position":1,"name":"Portada","item":"https:\/\/birdinginspainswildwest.com\/es\/"},{"@type":"ListItem","position":2,"name":"Accesibilidad"}]},{"@type":"WebSite","@id":"https:\/\/birdinginspainswildwest.com\/es\/#website","url":"https:\/\/birdinginspainswildwest.com\/es\/","name":"BIRDING IN SPAIN&#039;S WILD WEST","description":"Guided birding in the west of Spain","publisher":{"@id":"https:\/\/birdinginspainswildwest.com\/es\/#organization"},"potentialAction":[{"@type":"SearchAction","target":{"@type":"EntryPoint","urlTemplate":"https:\/\/birdinginspainswildwest.com\/es\/?s={search_term_string}"},"query-input":{"@type":"PropertyValueSpecification","valueRequired":true,"valueName":"search_term_string"}}],"inLanguage":"es"},{"@type":"Organization","@id":"https:\/\/birdinginspainswildwest.com\/es\/#organization","name":"BIRDING IN SPAIN&#039;S WILD WEST","url":"https:\/\/birdinginspainswildwest.com\/es\/","logo":{"@type":"ImageObject","inLanguage":"es","@id":"https:\/\/birdinginspainswildwest.com\/es\/#\/schema\/logo\/image\/","url":"https:\/\/birdinginspainswildwest.com\/wp-content\/uploads\/2020\/06\/logotipo.webp","contentUrl":"https:\/\/birdinginspainswildwest.com\/wp-content\/uploads\/2020\/06\/logotipo.webp","width":179,"height":171,"caption":"BIRDING IN SPAIN&#039;S WILD WEST"},"image":{"@id":"https:\/\/birdinginspainswildwest.com\/es\/#\/schema\/logo\/image\/"}}]}},"_links":{"self":[{"href":"https:\/\/birdinginspainswildwest.com\/es\/wp-json\/wp\/v2\/pages\/19641","targetHints":{"allow":["GET"]}}],"collection":[{"href":"https:\/\/birdinginspainswildwest.com\/es\/wp-json\/wp\/v2\/pages"}],"about":[{"href":"https:\/\/birdinginspainswildwest.com\/es\/wp-json\/wp\/v2\/types\/page"}],"author":[{"embeddable":true,"href":"https:\/\/birdinginspainswildwest.com\/es\/wp-json\/wp\/v2\/users\/43"}],"replies":[{"embeddable":true,"href":"https:\/\/birdinginspainswildwest.com\/es\/wp-json\/wp\/v2\/comments?post=19641"}],"version-history":[{"count":1,"href":"https:\/\/birdinginspainswildwest.com\/es\/wp-json\/wp\/v2\/pages\/19641\/revisions"}],"predecessor-version":[{"id":19642,"href":"https:\/\/birdinginspainswildwest.com\/es\/wp-json\/wp\/v2\/pages\/19641\/revisions\/19642"}],"wp:attachment":[{"href":"https:\/\/birdinginspainswildwest.com\/es\/wp-json\/wp\/v2\/media?parent=19641"}],"curies":[{"name":"wp","href":"https:\/\/api.w.org\/{rel}","templated":true}]}}