{"id":19645,"date":"2024-10-08T12:20:05","date_gmt":"2024-10-08T12:20:05","guid":{"rendered":"https:\/\/birdinginspainswildwest.com\/politica-de-cookies\/"},"modified":"2024-11-22T12:10:20","modified_gmt":"2024-11-22T12:10:20","slug":"politica-de-cookies","status":"publish","type":"page","link":"https:\/\/birdinginspainswildwest.com\/es\/politica-de-cookies\/","title":{"rendered":"Pol\u00edtica de cookies"},"content":{"rendered":"\t\t<div data-elementor-type=\"wp-page\" data-elementor-id=\"19645\" class=\"elementor elementor-19645 elementor-18543\">\n\t\t\t\t\t\t<section class=\"elementor-section elementor-top-section elementor-element elementor-element-6752e27d elementor-section-boxed elementor-section-height-default elementor-section-height-default sc_fly_static\" data-id=\"6752e27d\" data-element_type=\"section\" data-e-type=\"section\">\n\t\t\t\t\t\t<div class=\"elementor-container elementor-column-gap-extended\">\n\t\t\t\t\t<div class=\"elementor-column elementor-col-100 elementor-top-column elementor-element elementor-element-42ac7296 sc_content_align_inherit sc_layouts_column_icons_position_left sc_fly_static\" data-id=\"42ac7296\" data-element_type=\"column\" data-e-type=\"column\">\n\t\t\t<div class=\"elementor-widget-wrap elementor-element-populated\">\n\t\t\t\t\t\t<div class=\"elementor-element elementor-element-33fad40 sc_fly_static elementor-widget elementor-widget-heading\" data-id=\"33fad40\" data-element_type=\"widget\" data-e-type=\"widget\" data-widget_type=\"heading.default\">\n\t\t\t\t<div class=\"elementor-widget-container\">\n\t\t\t\t\t<h1 class=\"elementor-heading-title elementor-size-default\">Cookies<\/h1>\t\t\t\t<\/div>\n\t\t\t\t<\/div>\n\t\t\t\t<div class=\"elementor-element elementor-element-8f1c313 sc_fly_static elementor-widget elementor-widget-spacer\" data-id=\"8f1c313\" data-element_type=\"widget\" data-e-type=\"widget\" data-widget_type=\"spacer.default\">\n\t\t\t\t<div class=\"elementor-widget-container\">\n\t\t\t\t\t\t\t<div class=\"elementor-spacer\">\n\t\t\t<div class=\"elementor-spacer-inner\"><\/div>\n\t\t<\/div>\n\t\t\t\t\t\t<\/div>\n\t\t\t\t<\/div>\n\t\t\t\t<div class=\"elementor-element elementor-element-358a9ccc sc_fly_static elementor-widget elementor-widget-text-editor\" data-id=\"358a9ccc\" data-element_type=\"widget\" data-e-type=\"widget\" data-widget_type=\"text-editor.default\">\n\t\t\t\t<div class=\"elementor-widget-container\">\n\t\t\t\t\t\t\t\t\t<p>En cumplimiento de la Ley 34\/2002, de 11 de julio, de Servicios de la Sociedad de la Informaci\u00f3n y Comercio Electr\u00f3nico (LSSICE), te informamos que este sitio web, BIRDING IN SPAIN&#8217;S WILD WEST, utiliza cookies.<\/p>\n<p>La LSSICE se aplica a cualquier tipo de archivo o dispositivo que se descarga en el equipo terminal de un usuario para almacenar datos que pueden ser actualizados y recuperados por la entidad responsable de su instalaci\u00f3n. Una cookie es uno de estos archivos ampliamente utilizados, a los que nos referiremos gen\u00e9ricamente como cookies.<\/p>\n<p>Las cookies son peque\u00f1os archivos de texto enviados a un navegador desde un servidor web para registrar la actividad del usuario en un sitio web, de modo que esta informaci\u00f3n pueda recuperarse posteriormente durante la navegaci\u00f3n por las distintas p\u00e1ginas conectadas al servidor que las instal\u00f3.<\/p>\n<p>Las cookies suelen almacenar informaci\u00f3n de car\u00e1cter t\u00e9cnico, preferencias personales, personalizaci\u00f3n de contenidos, estad\u00edsticas de uso, enlaces a redes sociales, acceso a cuentas de usuario, etc.<\/p>\n<p><strong>Tipos de cookies<\/strong><\/p>\n<p>A continuaci\u00f3n encontrar\u00e1s una clasificaci\u00f3n de las cookies basada en varias categor\u00edas. Sin embargo, es importante tener en cuenta que una misma cookie puede pertenecer a m\u00e1s de una categor\u00eda.<\/p>\n<ul>\n<li>\n<p><strong>Seg\u00fan la entidad que los gestiona<\/strong><\/p>\n<ul>\n<li><strong>Cookies propias<\/strong>: Son aqu\u00e9llas que se env\u00edan al equipo terminal del usuario desde un equipo o dominio gestionado por el propio editor y desde el que se presta el servicio solicitado por el usuario.<\/li>\n<li><strong>Cookies de terceros<\/strong>: Son aqu\u00e9llas que se env\u00edan al equipo terminal del usuario desde un equipo o dominio que no es gestionado por el editor, sino por otra entidad que trata los datos obtenidos trav\u00e9s de las cookies.<\/li>\n<li>Si las cookies se instalan desde un dispositivo o dominio gestionado por el editor, pero la informaci\u00f3n recopilada es gestionada por un tercero, no se consideran cookies propias.<\/li>\n<\/ul>\n<\/li>\n<li>\n<p><strong>Seg\u00fan el tiempo que permanezcan activos<\/strong><\/p>\n<ul>\n<li>Seg\u00fan el tiempo que permanecen activados en el equipo terminal, podemos distinguir:\n<ul>\n<li><strong>Cookies de sesi\u00f3n<\/strong>: Un tipo de cookie dise\u00f1ada para recoger y almacenar datos mientras el usuario accede a una p\u00e1gina web. Generalmente se utilizan para almacenar informaci\u00f3n s\u00f3lo para el servicio solicitado por el usuario en una \u00fanica ocasi\u00f3n (por ejemplo, una lista de productos comprados).<\/li>\n<li><strong>Cookies persistentes<\/strong>: Tipo de cookie en el que los datos siguen almacenados en el terminal y pueden ser accedidos y tratados durante un periodo definido por el responsable de la cookie, y que puede ir de unos minutos a varios a\u00f1os.<\/li>\n<\/ul>\n<\/li>\n<\/ul>\n<\/li>\n<li>\n<p><strong>Seg\u00fan su finalidad<\/strong><\/p>\n<ul>\n<li>En funci\u00f3n de la finalidad para la que se traten los datos obtenidos a trav\u00e9s de las cookies, podemos distinguir:\n<ul>\n<li><strong>Cookies t\u00e9cnicas<\/strong>: Son aqu\u00e9llas que permiten al usuario la navegaci\u00f3n a trav\u00e9s de una p\u00e1gina web, plataforma o aplicaci\u00f3n y la utilizaci\u00f3n de las diferentes opciones o servicios que en ella existan como, por ejemplo, controlar el tr\u00e1fico y la comunicaci\u00f3n de datos, identificar la sesi\u00f3n, acceder a partes de acceso restringido, recordar los elementos que integran un pedido, realizar el proceso de compra de un pedido, realizar la solicitud de inscripci\u00f3n o participaci\u00f3n en un evento, utilizar elementos de seguridad durante la navegaci\u00f3n, almacenar contenidos para la difusi\u00f3n de videos o sonido o compartir contenidos a trav\u00e9s de redes sociales.<\/li>\n<li><strong>Cookies de personalizaci\u00f3n<\/strong>: Son aqu\u00e9llas que permiten al usuario acceder al servicio con algunas caracter\u00edsticas de car\u00e1cter general predefinidas en funci\u00f3n de una serie de criterios en el terminal del usuario como por ejemplo serian el idioma, el tipo de navegador a trav\u00e9s del cual accede al servicio, la configuraci\u00f3n regional desde donde accede al servicio, etc.<\/li>\n<li><strong>Cookies anal\u00edticas<\/strong>: Permiten al responsable de las mismas rastrear y analizar el comportamiento de los usuarios en los sitios web enlazados. La informaci\u00f3n recogida por este tipo de cookies se utiliza para medir la actividad del sitio web, aplicaci\u00f3n o plataforma y para crear perfiles de navegaci\u00f3n de los usuarios con el fin de introducir mejoras en funci\u00f3n del an\u00e1lisis de los datos de uso.<\/li>\n<li><strong>Cookies publicitarias<\/strong>: Son aqu\u00e9llas que permiten la gesti\u00f3n, de la forma m\u00e1s eficaz posible, de los espacios publicitarios que, en su caso, el editor haya incluido en una p\u00e1gina web, aplicaci\u00f3n o plataforma desde la que presta el servicio solicitado en base a criterios como el contenido editado o la frecuencia en la que se muestran los anuncios.<\/li>\n<li><strong>Cookies de publicidad comportamental<\/strong>: Son aqu\u00e9llas que permiten la gesti\u00f3n, de la forma m\u00e1s eficaz posible, de los espacios publicitarios que, en su caso, el editor haya incluido en una p\u00e1gina web, aplicaci\u00f3n o plataforma desde la que presta el servicio solicitado. Estas cookies almacenan informaci\u00f3n del comportamiento de los usuarios obtenida a trav\u00e9s de la observaci\u00f3n continuada de sus h\u00e1bitos de navegaci\u00f3n, lo que permite desarrollar un perfil espec\u00edfico para mostrar publicidad en funci\u00f3n del mismo.<\/li>\n<\/ul>\n<\/li>\n<\/ul>\n<\/li>\n<\/ul>\n<p><strong>C\u00f3mo desactivar las cookies en los principales navegadores web<\/strong><\/p>\n<p>Para configurar el uso de cookies, sigue las instrucciones de tu navegador o consulta su ayuda:<\/p>\n<ul>\n<li>Safari<\/li>\n<li>Firefox<\/li>\n<li>Cromo<\/li>\n<li>\u00d3pera<\/li>\n<li>Internet Explorer<\/li>\n<li>Arista<\/li>\n<\/ul>\n<p><strong>Qu\u00e9 ocurre si no se aceptan las cookies<\/strong><\/p>\n<p>Rechazar las cookies puede impedir el acceso a contenidos y servicios personalizados.<\/p>\n<p><strong>Actualizaciones y cambios en la Pol\u00edtica de Cookies<\/strong><\/p>\n<p>BIRDING IN SPAIN&#8217;S WILD WEST puede modificar esta pol\u00edtica de cookies en funci\u00f3n de exigencias legislativas, reglamentarias, o con la finalidad de adaptar dicha pol\u00edtica a las instrucciones dictadas por la Agencia Espa\u00f1ola de Protecci\u00f3n de Datos, por razones t\u00e9cnicas, o por reorganizaci\u00f3n de la web. Por ello, te recomendamos que la visites peri\u00f3dicamente.<\/p>\n<p><strong>Contacto<\/strong><\/p>\n<p>Si tienes alguna pregunta sobre c\u00f3mo utilizamos las cookies, env\u00edanos un correo electr\u00f3nico a: <a href=\"mailto:birdinginspainswildwest@gmail.com\">birdinginspainswildwest@gmail.com<\/a><\/p>\n\t\t\t\t\t\t\t\t<\/div>\n\t\t\t\t<\/div>\n\t\t\t\t\t<\/div>\n\t\t<\/div>\n\t\t\t\t\t<\/div>\n\t\t<\/section>\n\t\t\t\t<\/div>\n\t\t","protected":false},"excerpt":{"rendered":"<p>Cookies En cumplimiento de la Ley 34\/2002, de 11 de julio, de Servicios de la Sociedad de la Informaci\u00f3n y Comercio Electr\u00f3nico (LSSICE), te informamos que este sitio web, BIRDING&hellip;<\/p>\n","protected":false},"author":31,"featured_media":0,"parent":0,"menu_order":0,"comment_status":"closed","ping_status":"closed","template":"","meta":{"_glsr_average":0,"_glsr_ranking":0,"_glsr_reviews":0,"footnotes":""},"class_list":["post-19645","page","type-page","status-publish","hentry"],"yoast_head":"<!-- This site is optimized with the Yoast SEO plugin v27.4 - https:\/\/yoast.com\/product\/yoast-seo-wordpress\/ -->\n<title>Pol\u00edtica de cookies - BIRDING IN SPAIN&#039;S WILD WEST<\/title>\n<meta name=\"robots\" content=\"noindex, nofollow\" \/>\n<meta property=\"og:locale\" content=\"es_ES\" \/>\n<meta property=\"og:type\" content=\"article\" \/>\n<meta property=\"og:title\" content=\"Pol\u00edtica de cookies - BIRDING IN SPAIN&#039;S WILD WEST\" \/>\n<meta property=\"og:description\" content=\"Cookies En cumplimiento de la Ley 34\/2002, de 11 de julio, de Servicios de la Sociedad de la Informaci\u00f3n y Comercio Electr\u00f3nico (LSSICE), te informamos que este sitio web, BIRDING&hellip;\" \/>\n<meta property=\"og:url\" content=\"https:\/\/birdinginspainswildwest.com\/es\/politica-de-cookies\/\" \/>\n<meta property=\"og:site_name\" content=\"BIRDING IN SPAIN&#039;S WILD WEST\" \/>\n<meta property=\"article:modified_time\" content=\"2024-11-22T12:10:20+00:00\" \/>\n<meta name=\"twitter:card\" content=\"summary_large_image\" \/>\n<meta name=\"twitter:label1\" content=\"Tiempo de lectura\" \/>\n\t<meta name=\"twitter:data1\" content=\"5 minutos\" \/>\n<script type=\"application\/ld+json\" class=\"yoast-schema-graph\">{\"@context\":\"https:\\\/\\\/schema.org\",\"@graph\":[{\"@type\":\"WebPage\",\"@id\":\"https:\\\/\\\/birdinginspainswildwest.com\\\/es\\\/politica-de-cookies\\\/\",\"url\":\"https:\\\/\\\/birdinginspainswildwest.com\\\/es\\\/politica-de-cookies\\\/\",\"name\":\"Pol\u00edtica de cookies - BIRDING IN SPAIN&#039;S WILD WEST\",\"isPartOf\":{\"@id\":\"https:\\\/\\\/birdinginspainswildwest.com\\\/es\\\/#website\"},\"datePublished\":\"2024-10-08T12:20:05+00:00\",\"dateModified\":\"2024-11-22T12:10:20+00:00\",\"breadcrumb\":{\"@id\":\"https:\\\/\\\/birdinginspainswildwest.com\\\/es\\\/politica-de-cookies\\\/#breadcrumb\"},\"inLanguage\":\"es\",\"potentialAction\":[{\"@type\":\"ReadAction\",\"target\":[\"https:\\\/\\\/birdinginspainswildwest.com\\\/es\\\/politica-de-cookies\\\/\"]}]},{\"@type\":\"BreadcrumbList\",\"@id\":\"https:\\\/\\\/birdinginspainswildwest.com\\\/es\\\/politica-de-cookies\\\/#breadcrumb\",\"itemListElement\":[{\"@type\":\"ListItem\",\"position\":1,\"name\":\"Portada\",\"item\":\"https:\\\/\\\/birdinginspainswildwest.com\\\/es\\\/\"},{\"@type\":\"ListItem\",\"position\":2,\"name\":\"Pol\u00edtica de cookies\"}]},{\"@type\":\"WebSite\",\"@id\":\"https:\\\/\\\/birdinginspainswildwest.com\\\/es\\\/#website\",\"url\":\"https:\\\/\\\/birdinginspainswildwest.com\\\/es\\\/\",\"name\":\"BIRDING IN SPAIN&#039;S WILD WEST\",\"description\":\"Guided birding in the west of Spain\",\"publisher\":{\"@id\":\"https:\\\/\\\/birdinginspainswildwest.com\\\/es\\\/#organization\"},\"potentialAction\":[{\"@type\":\"SearchAction\",\"target\":{\"@type\":\"EntryPoint\",\"urlTemplate\":\"https:\\\/\\\/birdinginspainswildwest.com\\\/es\\\/?s={search_term_string}\"},\"query-input\":{\"@type\":\"PropertyValueSpecification\",\"valueRequired\":true,\"valueName\":\"search_term_string\"}}],\"inLanguage\":\"es\"},{\"@type\":\"Organization\",\"@id\":\"https:\\\/\\\/birdinginspainswildwest.com\\\/es\\\/#organization\",\"name\":\"BIRDING IN SPAIN&#039;S WILD WEST\",\"url\":\"https:\\\/\\\/birdinginspainswildwest.com\\\/es\\\/\",\"logo\":{\"@type\":\"ImageObject\",\"inLanguage\":\"es\",\"@id\":\"https:\\\/\\\/birdinginspainswildwest.com\\\/es\\\/#\\\/schema\\\/logo\\\/image\\\/\",\"url\":\"https:\\\/\\\/birdinginspainswildwest.com\\\/wp-content\\\/uploads\\\/2020\\\/06\\\/logotipo.webp\",\"contentUrl\":\"https:\\\/\\\/birdinginspainswildwest.com\\\/wp-content\\\/uploads\\\/2020\\\/06\\\/logotipo.webp\",\"width\":179,\"height\":171,\"caption\":\"BIRDING IN SPAIN&#039;S WILD WEST\"},\"image\":{\"@id\":\"https:\\\/\\\/birdinginspainswildwest.com\\\/es\\\/#\\\/schema\\\/logo\\\/image\\\/\"}}]}<\/script>\n<!-- \/ Yoast SEO plugin. -->","yoast_head_json":{"title":"Pol\u00edtica de cookies - BIRDING IN SPAIN&#039;S WILD WEST","robots":{"index":"noindex","follow":"nofollow"},"og_locale":"es_ES","og_type":"article","og_title":"Pol\u00edtica de cookies - BIRDING IN SPAIN&#039;S WILD WEST","og_description":"Cookies En cumplimiento de la Ley 34\/2002, de 11 de julio, de Servicios de la Sociedad de la Informaci\u00f3n y Comercio Electr\u00f3nico (LSSICE), te informamos que este sitio web, BIRDING&hellip;","og_url":"https:\/\/birdinginspainswildwest.com\/es\/politica-de-cookies\/","og_site_name":"BIRDING IN SPAIN&#039;S WILD WEST","article_modified_time":"2024-11-22T12:10:20+00:00","twitter_card":"summary_large_image","twitter_misc":{"Tiempo de lectura":"5 minutos"},"schema":{"@context":"https:\/\/schema.org","@graph":[{"@type":"WebPage","@id":"https:\/\/birdinginspainswildwest.com\/es\/politica-de-cookies\/","url":"https:\/\/birdinginspainswildwest.com\/es\/politica-de-cookies\/","name":"Pol\u00edtica de cookies - BIRDING IN SPAIN&#039;S WILD WEST","isPartOf":{"@id":"https:\/\/birdinginspainswildwest.com\/es\/#website"},"datePublished":"2024-10-08T12:20:05+00:00","dateModified":"2024-11-22T12:10:20+00:00","breadcrumb":{"@id":"https:\/\/birdinginspainswildwest.com\/es\/politica-de-cookies\/#breadcrumb"},"inLanguage":"es","potentialAction":[{"@type":"ReadAction","target":["https:\/\/birdinginspainswildwest.com\/es\/politica-de-cookies\/"]}]},{"@type":"BreadcrumbList","@id":"https:\/\/birdinginspainswildwest.com\/es\/politica-de-cookies\/#breadcrumb","itemListElement":[{"@type":"ListItem","position":1,"name":"Portada","item":"https:\/\/birdinginspainswildwest.com\/es\/"},{"@type":"ListItem","position":2,"name":"Pol\u00edtica de cookies"}]},{"@type":"WebSite","@id":"https:\/\/birdinginspainswildwest.com\/es\/#website","url":"https:\/\/birdinginspainswildwest.com\/es\/","name":"BIRDING IN SPAIN&#039;S WILD WEST","description":"Guided birding in the west of Spain","publisher":{"@id":"https:\/\/birdinginspainswildwest.com\/es\/#organization"},"potentialAction":[{"@type":"SearchAction","target":{"@type":"EntryPoint","urlTemplate":"https:\/\/birdinginspainswildwest.com\/es\/?s={search_term_string}"},"query-input":{"@type":"PropertyValueSpecification","valueRequired":true,"valueName":"search_term_string"}}],"inLanguage":"es"},{"@type":"Organization","@id":"https:\/\/birdinginspainswildwest.com\/es\/#organization","name":"BIRDING IN SPAIN&#039;S WILD WEST","url":"https:\/\/birdinginspainswildwest.com\/es\/","logo":{"@type":"ImageObject","inLanguage":"es","@id":"https:\/\/birdinginspainswildwest.com\/es\/#\/schema\/logo\/image\/","url":"https:\/\/birdinginspainswildwest.com\/wp-content\/uploads\/2020\/06\/logotipo.webp","contentUrl":"https:\/\/birdinginspainswildwest.com\/wp-content\/uploads\/2020\/06\/logotipo.webp","width":179,"height":171,"caption":"BIRDING IN SPAIN&#039;S WILD WEST"},"image":{"@id":"https:\/\/birdinginspainswildwest.com\/es\/#\/schema\/logo\/image\/"}}]}},"_links":{"self":[{"href":"https:\/\/birdinginspainswildwest.com\/es\/wp-json\/wp\/v2\/pages\/19645","targetHints":{"allow":["GET"]}}],"collection":[{"href":"https:\/\/birdinginspainswildwest.com\/es\/wp-json\/wp\/v2\/pages"}],"about":[{"href":"https:\/\/birdinginspainswildwest.com\/es\/wp-json\/wp\/v2\/types\/page"}],"author":[{"embeddable":true,"href":"https:\/\/birdinginspainswildwest.com\/es\/wp-json\/wp\/v2\/users\/31"}],"replies":[{"embeddable":true,"href":"https:\/\/birdinginspainswildwest.com\/es\/wp-json\/wp\/v2\/comments?post=19645"}],"version-history":[{"count":1,"href":"https:\/\/birdinginspainswildwest.com\/es\/wp-json\/wp\/v2\/pages\/19645\/revisions"}],"predecessor-version":[{"id":19646,"href":"https:\/\/birdinginspainswildwest.com\/es\/wp-json\/wp\/v2\/pages\/19645\/revisions\/19646"}],"wp:attachment":[{"href":"https:\/\/birdinginspainswildwest.com\/es\/wp-json\/wp\/v2\/media?parent=19645"}],"curies":[{"name":"wp","href":"https:\/\/api.w.org\/{rel}","templated":true}]}}