{"id":19649,"date":"2024-10-08T12:20:05","date_gmt":"2024-10-08T12:20:05","guid":{"rendered":"https:\/\/birdinginspainswildwest.com\/aviso-legal\/"},"modified":"2024-11-22T12:11:23","modified_gmt":"2024-11-22T12:11:23","slug":"aviso-legal","status":"publish","type":"page","link":"https:\/\/birdinginspainswildwest.com\/es\/aviso-legal\/","title":{"rendered":"Aviso legal"},"content":{"rendered":"\t\t<div data-elementor-type=\"wp-page\" data-elementor-id=\"19649\" class=\"elementor elementor-19649 elementor-18541\">\n\t\t\t\t\t\t<section class=\"elementor-section elementor-top-section elementor-element elementor-element-4aa809a1 elementor-section-boxed elementor-section-height-default elementor-section-height-default sc_fly_static\" data-id=\"4aa809a1\" data-element_type=\"section\" data-e-type=\"section\">\n\t\t\t\t\t\t<div class=\"elementor-container elementor-column-gap-extended\">\n\t\t\t\t\t<div class=\"elementor-column elementor-col-100 elementor-top-column elementor-element elementor-element-73c8e47e sc_content_align_inherit sc_layouts_column_icons_position_left sc_fly_static\" data-id=\"73c8e47e\" data-element_type=\"column\" data-e-type=\"column\">\n\t\t\t<div class=\"elementor-widget-wrap elementor-element-populated\">\n\t\t\t\t\t\t<div class=\"elementor-element elementor-element-fa652e3 sc_fly_static elementor-widget elementor-widget-heading\" data-id=\"fa652e3\" data-element_type=\"widget\" data-e-type=\"widget\" data-widget_type=\"heading.default\">\n\t\t\t\t<div class=\"elementor-widget-container\">\n\t\t\t\t\t<h1 class=\"elementor-heading-title elementor-size-default\">Aviso legal<\/h1>\t\t\t\t<\/div>\n\t\t\t\t<\/div>\n\t\t\t\t<div class=\"elementor-element elementor-element-94d6497 sc_fly_static elementor-widget elementor-widget-spacer\" data-id=\"94d6497\" data-element_type=\"widget\" data-e-type=\"widget\" data-widget_type=\"spacer.default\">\n\t\t\t\t<div class=\"elementor-widget-container\">\n\t\t\t\t\t\t\t<div class=\"elementor-spacer\">\n\t\t\t<div class=\"elementor-spacer-inner\"><\/div>\n\t\t<\/div>\n\t\t\t\t\t\t<\/div>\n\t\t\t\t<\/div>\n\t\t\t\t<div class=\"elementor-element elementor-element-6b2de82e sc_fly_static elementor-widget elementor-widget-text-editor\" data-id=\"6b2de82e\" data-element_type=\"widget\" data-e-type=\"widget\" data-widget_type=\"text-editor.default\">\n\t\t\t\t<div class=\"elementor-widget-container\">\n\t\t\t\t\t\t\t\t\t\n<p>**DATOS IDENTIFICATIVOS DEL PROPIETARIO DEL SITIO WEB**<\/p>\n<p>En cumplimiento del deber de informaci\u00f3n recogido en el art\u00edculo 10 de la Ley 34\/2002, de 11 de julio, de Servicios de la Sociedad de la Informaci\u00f3n y del Comercio Electr\u00f3nico, Mar\u00eda de la Vega Bermejo Castelnau, con DNI 44522126Z, en adelante BIRDING IN SPAIN&#8217;S WILD WEST, como titular del sitio web www.birdinginspainswildwest.com, con domicilio en Calle Ninfas, 5. Navahombela 37753 Armenteros, Salamanca, direcci\u00f3n de correo electr\u00f3nico <a href=\"mailto:birdinginspainswildwest@gmail.com\">birdinginspainswildwest@gmail.com,<\/a> procede a facilitar la siguiente informaci\u00f3n que regula las condiciones de uso en este sitio web, las limitaciones de responsabilidad, y las obligaciones que los usuarios del sitio web publicado bajo el nombre de dominio www.birdinginspainswildwest.com se comprometen a respetar.<\/p>\n<p>**CONDICIONES DE USO**<\/p>\n<p>La utilizaci\u00f3n de www.birdinginspainswildwest.com atribuye la condici\u00f3n de Usuario de www.birdinginspainswildwest.com, ya sea persona f\u00edsica o jur\u00eddica, e implica necesariamente la aceptaci\u00f3n plena, completa e incondicional de todas las cl\u00e1usulas y condiciones generales incluidas en este Aviso Legal. Si el Usuario no est\u00e1 de acuerdo con las cl\u00e1usulas y condiciones de uso del presente Aviso Legal, deber\u00e1 abstenerse de utilizar www.birdinginspainswildwest.com. Este Aviso Legal est\u00e1 sujeto a cambios y actualizaciones por lo que la versi\u00f3n publicada por BIRDING IN SPAIN&#8217;S WILD WEST puede diferir en cada momento en que el Usuario acceda al Portal. Por tanto, el Usuario debe leer el Aviso Legal cada vez que acceda a www.birdinginspainswildwest.com.<\/p>\n<p>A trav\u00e9s de www.birdinginspainswildwest.com, BIRDING IN SPAIN&#8217;S WILD WEST facilita al Usuario el acceso y la utilizaci\u00f3n de diversos Contenidos publicados por medio de Internet por BIRDING IN SPAIN&#8217;S WILD WEST o por terceros autorizados.<\/p>\n<p>El Usuario se obliga y compromete a utilizar www.birdinginspainswildwest.com y los Contenidos de conformidad con la legislaci\u00f3n aplicable, el Aviso Legal y cualesquiera otros avisos o instrucciones puestos en su conocimiento, bien a trav\u00e9s de este aviso legal, bien en otro lugar dentro de los Contenidos que conforman www.birdinginspainswildwest.com, tales como las normas comunitarias, la moral y las buenas costumbres generalmente aceptadas. A tal efecto, el Usuario se obliga y compromete a NO utilizar cualquiera de los Contenidos con fines o efectos il\u00edcitos, prohibidos en el Aviso Legal o por la legislaci\u00f3n vigente, lesivos de los derechos e intereses de terceros, o que de cualquier forma puedan da\u00f1ar, inutilizar, sobrecargar, deteriorar o impedir la normal utilizaci\u00f3n de los Contenidos, los equipos inform\u00e1ticos o los documentos, archivos y toda clase de contenidos almacenados en cualquier equipo inform\u00e1tico propios o contratados por BIRDING IN SPAIN&#8217;S WILD WEST, de otro USUARIO, o de cualquier usuario de Internet (hardware y software).<\/p>\n<p>El Usuario se obliga y compromete a no transmitir, difundir o poner a disposici\u00f3n de terceros cualquier clase de material contenido en www.birdinginspainswildwest.com, tales como informaciones, textos, datos, contenidos, mensajes, gr\u00e1ficos, dibujos, archivos de sonido y\/o imagen, fotograf\u00edas, grabaciones, software, logotipos, marcas, iconos, tecnolog\u00eda, fotograf\u00edas, software, enlaces, dise\u00f1o gr\u00e1fico y c\u00f3digos fuente, o cualquier otro material al que tenga acceso como Usuario de www.birdinginspainswildwest.com, sin que esta enumeraci\u00f3n tenga car\u00e1cter limitativo. Asimismo, el Usuario no podr\u00e1:<\/p>\n<p>&#8211; Reproducir, copiar, distribuir, poner a disposici\u00f3n o de cualquier otra forma comunicar p\u00fablicamente, transformar o modificar los Contenidos, a menos que se cuente con la autorizaci\u00f3n escrita y expl\u00edcita de BIRDING IN SPAIN&#8217;S WILD WEST, que es titular de los correspondientes derechos, o bien que ello resulte legalmente permitido.<br>&#8211; Suprimir, manipular o de cualquier forma alterar el \u00abcopyright\u00bb y dem\u00e1s datos identificativos de la reserva de derechos de BIRDING IN SPAIN&#8217;S WILD WEST o de sus titulares, de las huellas y\/o identificadores digitales, marcas de agua, o de cualesquiera otros medios t\u00e9cnicos establecidos para su reconocimiento.<\/p>\n<p>El Usuario deber\u00e1 abstenerse de obtener e incluso de intentar obtener los Contenidos empleando para ello medios o procedimientos distintos de los que, seg\u00fan los casos, se hayan puesto a su disposici\u00f3n a este efecto o se hayan indicado a este efecto en las p\u00e1ginas web donde se encuentren los Contenidos o, en general, de los que se empleen habitualmente en Internet a este efecto siempre que no entra\u00f1en un riesgo de da\u00f1o o inutilizaci\u00f3n de www.birdinginspainswildwest.com y\/o de los Contenidos.<\/p>\n<p>**PROPIEDAD INTELECTUAL**<\/p>\n<p>Todas las marcas, nombres comerciales o signos distintivos de cualquier clase que aparecen en www.birdinginspainswildwest.com son propiedad de BIRDING IN SPAIN&#8217;S WILD WEST o, en su caso, de sus respectivos titulares, sin que pueda entenderse que el uso o acceso al Portal y\/o a los Contenidos atribuya al Usuario derecho alguno sobre las citadas marcas, nombres comerciales y\/o signos distintivos, y sin que puedan entenderse cedidos al Usuario, en ning\u00fan caso, ninguno de los derechos de explotaci\u00f3n que existen o puedan existir sobre dichos Contenidos. Asimismo, los Contenidos son propiedad intelectual de BIRDING IN SPAIN&#8217;S WILD WEST, o de terceros en su caso, por tanto, los derechos de Propiedad Intelectual son titularidad de BIRDING IN SPAIN&#8217;S WILD WEST o de terceros que han autorizado su uso, a quienes corresponde el ejercicio exclusivo de los derechos de explotaci\u00f3n de los mismos en cualquier forma y, en especial, los derechos de reproducci\u00f3n, distribuci\u00f3n, comunicaci\u00f3n p\u00fablica y transformaci\u00f3n. La utilizaci\u00f3n no autorizada de la informaci\u00f3n contenida en esta web, as\u00ed como la lesi\u00f3n de los derechos de Propiedad Intelectual o Industrial de BIRDING IN SPAIN&#8217;S WILD WEST o de terceros incluidos en www.birdinginspainswildwest.com que hayan cedido contenidos dar\u00e1 lugar a las responsabilidades legalmente establecidas.<\/p>\n<p>**DISPONIBILIDAD DE WWW.BIRDINGINSPAIN&#8217;SWILDWEST.COM**<\/p>\n<p>BIRDING IN SPAIN&#8217;S WILD WEST no garantiza la inexistencia de interrupciones o errores en el acceso a www.birdinginspainswildwest.com, a sus contenidos, ni que \u00e9stos se encuentren actualizados, aunque desarrollar\u00e1 sus mejores esfuerzos para, en su caso, evitarlos, subsanarlos o actualizarlos. Por consiguiente, BIRDING IN SPAIN&#8217;S WILD WEST no se responsabiliza de los da\u00f1os o perjuicios de cualquier tipo producidos en el Usuario que traigan causa de fallos o desconexiones en las redes de telecomunicaciones que produzcan la suspensi\u00f3n, cancelaci\u00f3n o interrupci\u00f3n del servicio del Portal durante la prestaci\u00f3n del mismo o con car\u00e1cter previo.<\/p>\n<p>BIRDING IN SPAIN&#8217;S WILD WEST excluye, con las excepciones contempladas en la legislaci\u00f3n vigente, cualquier responsabilidad por los da\u00f1os y perjuicios de toda naturaleza que puedan deberse a la falta de disponibilidad, continuidad o calidad del funcionamiento de www.birdinginspainswildwest.com y de los Contenidos, al no cumplimiento de la expectativa de utilidad que el USUARIO hubiere podido atribuir a www.birdinginspainswildwest.com y a los Contenidos.<\/p>\n<p>La funci\u00f3n de los Hiperenlaces que aparecen en esta Web es exclusivamente la de informar al Usuario sobre la existencia de otras Web que contienen informaci\u00f3n sobre la materia. Estos Hiperenlaces no constituyen ninguna sugerencia ni recomendaci\u00f3n.<\/p>\n<p>BIRDING IN SPAIN&#8217;S WILD WEST no se hace responsable de los contenidos de dichas p\u00e1ginas enlazadas, del funcionamiento o utilidad de los Hiperenlaces ni del resultado de dichos enlaces, ni garantiza la ausencia de virus u otros elementos que puedan producir alteraciones en el sistema inform\u00e1tico (hardware y software), los documentos o los ficheros del Usuario, excluyendo cualquier responsabilidad por los da\u00f1os de cualquier clase causados al Usuario por este motivo.<\/p>\n<p>El acceso a www.birdinginspainswildwest.com no implica la obligaci\u00f3n por parte de BIRDING IN SPAIN&#8217;S WILD WEST de controlar la ausencia de virus, gusanos o cualquier otro elemento inform\u00e1tico da\u00f1ino. Corresponde al Usuario, en todo caso, la disponibilidad de herramientas adecuadas para la detecci\u00f3n y desinfecci\u00f3n de programas inform\u00e1ticos da\u00f1inos, por lo tanto, BIRDING IN SPAIN&#8217;S WILD WEST no se hace responsable de los posibles errores de seguridad que se puedan producir durante la prestaci\u00f3n del servicio de www.birdinginspainswildwest.com, ni de los da\u00f1os que puedan causarse al sistema inform\u00e1tico del Usuario o de terceros (hardware y software), los ficheros o documentos almacenados en el mismo, como consecuencia de la presencia de virus en el ordenador del Usuario utilizado para la conexi\u00f3n a los servicios y contenidos de la web, de un mal funcionamiento del navegador o del uso de versiones no actualizadas del mismo.<\/p>\n<p>La prestaci\u00f3n del servicio de www.birdinginspainswildwest.com y los Contenidos es, en principio, indefinida. BIRDING IN SPAIN&#8217;S WILD WEST, no obstante, queda autorizada para dar por terminada o suspender la prestaci\u00f3n del servicio de www.birdinginspainswildwest.com y\/o de cualquiera de los Contenidos en cualquier momento. Cuando sea razonablemente posible, BIRDING IN SPAIN&#8217;S WILD WEST avisar\u00e1 con antelaci\u00f3n de la finalizaci\u00f3n o suspensi\u00f3n de www.birdinginspainswildwest.com.<\/p>\n<p>**CALIDAD DE WWW.BIRDINGINSPAIN&#8217;SWILDWEST.COM**<\/p>\n<p>Dado el car\u00e1cter din\u00e1mico y cambiante de la informaci\u00f3n y servicios que se suministran por medio de www.birdinginspainswildwest.com, BIRDING IN SPAIN&#8217;S WILD WEST realiza su mejor esfuerzo, pero no garantiza la completa veracidad, exactitud, fiabilidad, utilidad y\/o actualidad de los Contenidos. La informaci\u00f3n contenida en las p\u00e1ginas que componen este Portal tiene una finalidad meramente informativa, consultiva, divulgativa y publicitaria. En ning\u00fan caso ofrecen ni tienen car\u00e1cter vinculante o contractual.<\/p>\n<p>**LIMITACI\u00d3N DE RESPONSABILIDAD**<\/p>\n<p>BIRDING IN SPAIN&#8217;S WILD WEST excluye toda responsabilidad por las decisiones que el Usuario pueda tomar basado en esta informaci\u00f3n, as\u00ed como por los posibles errores tipogr\u00e1ficos que puedan contener los documentos y gr\u00e1ficos de www.birdinginspainswildwest.com. La informaci\u00f3n est\u00e1 sujeta a posibles cambios peri\u00f3dicos sin previo aviso de su contenido debido a la ampliaci\u00f3n, mejora, correcci\u00f3n o actualizaci\u00f3n de los Contenidos.<\/p>\n<p>**NOTIFICACIONES**<\/p>\n<p>Todas las notificaciones y comunicaciones por parte de BIRDING IN SPAIN&#8217;S WILD WEST al Usuario realizados por cualquier medio se considerar\u00e1n eficaces a todos los efectos.<\/p>\n<p>**LEY APLICABLE**<\/p>\n<p>Este Aviso Legal se rige por la normativa espa\u00f1ola vigente.<\/p>\n\n<p> <\/p>\t\t\t\t\t\t\t\t<\/div>\n\t\t\t\t<\/div>\n\t\t\t\t\t<\/div>\n\t\t<\/div>\n\t\t\t\t\t<\/div>\n\t\t<\/section>\n\t\t\t\t<\/div>\n\t\t","protected":false},"excerpt":{"rendered":"<p>Aviso legal **DATOS IDENTIFICATIVOS DEL PROPIETARIO DEL SITIO WEB** En cumplimiento del deber de informaci\u00f3n recogido en el art\u00edculo 10 de la Ley 34\/2002, de 11 de julio, de Servicios&hellip;<\/p>\n","protected":false},"author":31,"featured_media":0,"parent":0,"menu_order":0,"comment_status":"closed","ping_status":"closed","template":"","meta":{"_glsr_average":0,"_glsr_ranking":0,"_glsr_reviews":0,"footnotes":""},"class_list":["post-19649","page","type-page","status-publish","hentry"],"yoast_head":"<!-- This site is optimized with the Yoast SEO plugin v27.4 - https:\/\/yoast.com\/product\/yoast-seo-wordpress\/ -->\n<title>Aviso legal - BIRDING IN SPAIN&#039;S WILD WEST<\/title>\n<meta name=\"robots\" content=\"noindex, nofollow\" \/>\n<meta property=\"og:locale\" content=\"es_ES\" \/>\n<meta property=\"og:type\" content=\"article\" \/>\n<meta property=\"og:title\" content=\"Aviso legal - BIRDING IN SPAIN&#039;S WILD WEST\" \/>\n<meta property=\"og:description\" content=\"Aviso legal **DATOS IDENTIFICATIVOS DEL PROPIETARIO DEL SITIO WEB** En cumplimiento del deber de informaci\u00f3n recogido en el art\u00edculo 10 de la Ley 34\/2002, de 11 de julio, de Servicios&hellip;\" \/>\n<meta property=\"og:url\" content=\"https:\/\/birdinginspainswildwest.com\/es\/aviso-legal\/\" \/>\n<meta property=\"og:site_name\" content=\"BIRDING IN SPAIN&#039;S WILD WEST\" \/>\n<meta property=\"article:modified_time\" content=\"2024-11-22T12:11:23+00:00\" \/>\n<meta name=\"twitter:card\" content=\"summary_large_image\" \/>\n<meta name=\"twitter:label1\" content=\"Tiempo de lectura\" \/>\n\t<meta name=\"twitter:data1\" content=\"8 minutos\" \/>\n<script type=\"application\/ld+json\" class=\"yoast-schema-graph\">{\"@context\":\"https:\\\/\\\/schema.org\",\"@graph\":[{\"@type\":\"WebPage\",\"@id\":\"https:\\\/\\\/birdinginspainswildwest.com\\\/es\\\/aviso-legal\\\/\",\"url\":\"https:\\\/\\\/birdinginspainswildwest.com\\\/es\\\/aviso-legal\\\/\",\"name\":\"Aviso legal - BIRDING IN SPAIN&#039;S WILD WEST\",\"isPartOf\":{\"@id\":\"https:\\\/\\\/birdinginspainswildwest.com\\\/es\\\/#website\"},\"datePublished\":\"2024-10-08T12:20:05+00:00\",\"dateModified\":\"2024-11-22T12:11:23+00:00\",\"breadcrumb\":{\"@id\":\"https:\\\/\\\/birdinginspainswildwest.com\\\/es\\\/aviso-legal\\\/#breadcrumb\"},\"inLanguage\":\"es\",\"potentialAction\":[{\"@type\":\"ReadAction\",\"target\":[\"https:\\\/\\\/birdinginspainswildwest.com\\\/es\\\/aviso-legal\\\/\"]}]},{\"@type\":\"BreadcrumbList\",\"@id\":\"https:\\\/\\\/birdinginspainswildwest.com\\\/es\\\/aviso-legal\\\/#breadcrumb\",\"itemListElement\":[{\"@type\":\"ListItem\",\"position\":1,\"name\":\"Portada\",\"item\":\"https:\\\/\\\/birdinginspainswildwest.com\\\/es\\\/\"},{\"@type\":\"ListItem\",\"position\":2,\"name\":\"Aviso legal\"}]},{\"@type\":\"WebSite\",\"@id\":\"https:\\\/\\\/birdinginspainswildwest.com\\\/es\\\/#website\",\"url\":\"https:\\\/\\\/birdinginspainswildwest.com\\\/es\\\/\",\"name\":\"BIRDING IN SPAIN&#039;S WILD WEST\",\"description\":\"Guided birding in the west of Spain\",\"publisher\":{\"@id\":\"https:\\\/\\\/birdinginspainswildwest.com\\\/es\\\/#organization\"},\"potentialAction\":[{\"@type\":\"SearchAction\",\"target\":{\"@type\":\"EntryPoint\",\"urlTemplate\":\"https:\\\/\\\/birdinginspainswildwest.com\\\/es\\\/?s={search_term_string}\"},\"query-input\":{\"@type\":\"PropertyValueSpecification\",\"valueRequired\":true,\"valueName\":\"search_term_string\"}}],\"inLanguage\":\"es\"},{\"@type\":\"Organization\",\"@id\":\"https:\\\/\\\/birdinginspainswildwest.com\\\/es\\\/#organization\",\"name\":\"BIRDING IN SPAIN&#039;S WILD WEST\",\"url\":\"https:\\\/\\\/birdinginspainswildwest.com\\\/es\\\/\",\"logo\":{\"@type\":\"ImageObject\",\"inLanguage\":\"es\",\"@id\":\"https:\\\/\\\/birdinginspainswildwest.com\\\/es\\\/#\\\/schema\\\/logo\\\/image\\\/\",\"url\":\"https:\\\/\\\/birdinginspainswildwest.com\\\/wp-content\\\/uploads\\\/2020\\\/06\\\/logotipo.webp\",\"contentUrl\":\"https:\\\/\\\/birdinginspainswildwest.com\\\/wp-content\\\/uploads\\\/2020\\\/06\\\/logotipo.webp\",\"width\":179,\"height\":171,\"caption\":\"BIRDING IN SPAIN&#039;S WILD WEST\"},\"image\":{\"@id\":\"https:\\\/\\\/birdinginspainswildwest.com\\\/es\\\/#\\\/schema\\\/logo\\\/image\\\/\"}}]}<\/script>\n<!-- \/ Yoast SEO plugin. -->","yoast_head_json":{"title":"Aviso legal - BIRDING IN SPAIN&#039;S WILD WEST","robots":{"index":"noindex","follow":"nofollow"},"og_locale":"es_ES","og_type":"article","og_title":"Aviso legal - BIRDING IN SPAIN&#039;S WILD WEST","og_description":"Aviso legal **DATOS IDENTIFICATIVOS DEL PROPIETARIO DEL SITIO WEB** En cumplimiento del deber de informaci\u00f3n recogido en el art\u00edculo 10 de la Ley 34\/2002, de 11 de julio, de Servicios&hellip;","og_url":"https:\/\/birdinginspainswildwest.com\/es\/aviso-legal\/","og_site_name":"BIRDING IN SPAIN&#039;S WILD WEST","article_modified_time":"2024-11-22T12:11:23+00:00","twitter_card":"summary_large_image","twitter_misc":{"Tiempo de lectura":"8 minutos"},"schema":{"@context":"https:\/\/schema.org","@graph":[{"@type":"WebPage","@id":"https:\/\/birdinginspainswildwest.com\/es\/aviso-legal\/","url":"https:\/\/birdinginspainswildwest.com\/es\/aviso-legal\/","name":"Aviso legal - BIRDING IN SPAIN&#039;S WILD WEST","isPartOf":{"@id":"https:\/\/birdinginspainswildwest.com\/es\/#website"},"datePublished":"2024-10-08T12:20:05+00:00","dateModified":"2024-11-22T12:11:23+00:00","breadcrumb":{"@id":"https:\/\/birdinginspainswildwest.com\/es\/aviso-legal\/#breadcrumb"},"inLanguage":"es","potentialAction":[{"@type":"ReadAction","target":["https:\/\/birdinginspainswildwest.com\/es\/aviso-legal\/"]}]},{"@type":"BreadcrumbList","@id":"https:\/\/birdinginspainswildwest.com\/es\/aviso-legal\/#breadcrumb","itemListElement":[{"@type":"ListItem","position":1,"name":"Portada","item":"https:\/\/birdinginspainswildwest.com\/es\/"},{"@type":"ListItem","position":2,"name":"Aviso legal"}]},{"@type":"WebSite","@id":"https:\/\/birdinginspainswildwest.com\/es\/#website","url":"https:\/\/birdinginspainswildwest.com\/es\/","name":"BIRDING IN SPAIN&#039;S WILD WEST","description":"Guided birding in the west of Spain","publisher":{"@id":"https:\/\/birdinginspainswildwest.com\/es\/#organization"},"potentialAction":[{"@type":"SearchAction","target":{"@type":"EntryPoint","urlTemplate":"https:\/\/birdinginspainswildwest.com\/es\/?s={search_term_string}"},"query-input":{"@type":"PropertyValueSpecification","valueRequired":true,"valueName":"search_term_string"}}],"inLanguage":"es"},{"@type":"Organization","@id":"https:\/\/birdinginspainswildwest.com\/es\/#organization","name":"BIRDING IN SPAIN&#039;S WILD WEST","url":"https:\/\/birdinginspainswildwest.com\/es\/","logo":{"@type":"ImageObject","inLanguage":"es","@id":"https:\/\/birdinginspainswildwest.com\/es\/#\/schema\/logo\/image\/","url":"https:\/\/birdinginspainswildwest.com\/wp-content\/uploads\/2020\/06\/logotipo.webp","contentUrl":"https:\/\/birdinginspainswildwest.com\/wp-content\/uploads\/2020\/06\/logotipo.webp","width":179,"height":171,"caption":"BIRDING IN SPAIN&#039;S WILD WEST"},"image":{"@id":"https:\/\/birdinginspainswildwest.com\/es\/#\/schema\/logo\/image\/"}}]}},"_links":{"self":[{"href":"https:\/\/birdinginspainswildwest.com\/es\/wp-json\/wp\/v2\/pages\/19649","targetHints":{"allow":["GET"]}}],"collection":[{"href":"https:\/\/birdinginspainswildwest.com\/es\/wp-json\/wp\/v2\/pages"}],"about":[{"href":"https:\/\/birdinginspainswildwest.com\/es\/wp-json\/wp\/v2\/types\/page"}],"author":[{"embeddable":true,"href":"https:\/\/birdinginspainswildwest.com\/es\/wp-json\/wp\/v2\/users\/31"}],"replies":[{"embeddable":true,"href":"https:\/\/birdinginspainswildwest.com\/es\/wp-json\/wp\/v2\/comments?post=19649"}],"version-history":[{"count":3,"href":"https:\/\/birdinginspainswildwest.com\/es\/wp-json\/wp\/v2\/pages\/19649\/revisions"}],"predecessor-version":[{"id":19652,"href":"https:\/\/birdinginspainswildwest.com\/es\/wp-json\/wp\/v2\/pages\/19649\/revisions\/19652"}],"wp:attachment":[{"href":"https:\/\/birdinginspainswildwest.com\/es\/wp-json\/wp\/v2\/media?parent=19649"}],"curies":[{"name":"wp","href":"https:\/\/api.w.org\/{rel}","templated":true}]}}