{"id":19657,"date":"2024-10-08T12:20:05","date_gmt":"2024-10-08T12:20:05","guid":{"rendered":"https:\/\/birdinginspainswildwest.com\/politica-de-privacidad\/"},"modified":"2024-11-22T12:12:10","modified_gmt":"2024-11-22T12:12:10","slug":"politica-de-privacidad","status":"publish","type":"page","link":"https:\/\/birdinginspainswildwest.com\/es\/politica-de-privacidad\/","title":{"rendered":"Pol\u00edtica de privacidad"},"content":{"rendered":"\t\t<div data-elementor-type=\"wp-page\" data-elementor-id=\"19657\" class=\"elementor elementor-19657 elementor-18542\">\n\t\t\t\t\t\t<section class=\"elementor-section elementor-top-section elementor-element elementor-element-5c37a79a elementor-section-boxed elementor-section-height-default elementor-section-height-default sc_fly_static\" data-id=\"5c37a79a\" data-element_type=\"section\" data-e-type=\"section\">\n\t\t\t\t\t\t<div class=\"elementor-container elementor-column-gap-extended\">\n\t\t\t\t\t<div class=\"elementor-column elementor-col-100 elementor-top-column elementor-element elementor-element-4370411b sc_content_align_inherit sc_layouts_column_icons_position_left sc_fly_static\" data-id=\"4370411b\" data-element_type=\"column\" data-e-type=\"column\">\n\t\t\t<div class=\"elementor-widget-wrap elementor-element-populated\">\n\t\t\t\t\t\t<div class=\"elementor-element elementor-element-3d45db3 sc_fly_static elementor-widget elementor-widget-heading\" data-id=\"3d45db3\" data-element_type=\"widget\" data-e-type=\"widget\" data-widget_type=\"heading.default\">\n\t\t\t\t<div class=\"elementor-widget-container\">\n\t\t\t\t\t<h1 class=\"elementor-heading-title elementor-size-default\">Pol\u00edtica de privacidad<\/h1>\t\t\t\t<\/div>\n\t\t\t\t<\/div>\n\t\t\t\t<div class=\"elementor-element elementor-element-bb90da6 sc_fly_static elementor-widget elementor-widget-spacer\" data-id=\"bb90da6\" data-element_type=\"widget\" data-e-type=\"widget\" data-widget_type=\"spacer.default\">\n\t\t\t\t<div class=\"elementor-widget-container\">\n\t\t\t\t\t\t\t<div class=\"elementor-spacer\">\n\t\t\t<div class=\"elementor-spacer-inner\"><\/div>\n\t\t<\/div>\n\t\t\t\t\t\t<\/div>\n\t\t\t\t<\/div>\n\t\t\t\t<div class=\"elementor-element elementor-element-7a06c6a0 sc_fly_static elementor-widget elementor-widget-text-editor\" data-id=\"7a06c6a0\" data-element_type=\"widget\" data-e-type=\"widget\" data-widget_type=\"text-editor.default\">\n\t\t\t\t<div class=\"elementor-widget-container\">\n\t\t\t\t\t\t\t\t\t\n<h4>Introducci\u00f3n<\/h4>\n<p>En BIRDING IN SPAIN&#8217;S WILD WEST, estamos comprometidos con la privacidad y confidencialidad de los datos personales de nuestros visitantes y usuarios. Esta declaraci\u00f3n de privacidad pretende informarte sobre c\u00f3mo tratamos los datos personales obtenidos de los usuarios. Al navegar, ver o utilizar este sitio, aceptas estas condiciones. Si no est\u00e1s de acuerdo, abstente de utilizar el sitio y su contenido.<\/p>\n<h4>Responsable del tratamiento<\/h4>\n<p>El responsable del tratamiento es Mar\u00eda de la Vega Bermejo Castelnau, con DNI 44522126Z. Puedes ponerte en contacto con nosotros por correo electr\u00f3nico en <a href=\"mailto:birdinginspainswildwest@gmail.com\">birdinginspainswildwest@gmail.com,<\/a> o por correo postal en la calle Ninfas, 5. Navahombela 37753 Armenteros, Salamanca.<\/p>\n<h4>Finalidad del tratamiento de datos<\/h4>\n<p>Nuestro sitio web incluye secciones en las que puedes introducir tus datos para recibir actualizaciones o informaci\u00f3n sobre los servicios que ofrecemos. Garantizamos que todos los datos que nos facilites se gestionar\u00e1n de forma confidencial y se utilizar\u00e1n \u00fanicamente para los fines previstos. Los datos se conservar\u00e1n el tiempo que sea necesario para el uso previsto, y no se aplicar\u00e1n procesos automatizados de toma de decisiones.<\/p>\n<h4>Base jur\u00eddica del tratamiento de datos<\/h4>\n<p>El uso de tus datos se basa en tu consentimiento proporcionado a trav\u00e9s de los formularios de nuestro sitio, utilizados \u00fanicamente para el fin espec\u00edfico indicado. Sin tus datos, estos servicios no pueden prestarse.<\/p>\n<h4>Transferencias e intercambio de datos<\/h4>\n<p>Nos comprometemos a no vender ni compartir tus datos con terceros sin tu consentimiento expl\u00edcito, excepto cuando la ley lo exija. Nuestro sitio puede contener enlaces a sitios web de terceros, y no somos responsables de sus pr\u00e1cticas de privacidad.<\/p>\n<h4>Derechos del usuario<\/h4>\n<p>Tienes derecho a acceder, rectificar, suprimir, limitar, oponerte y retirar tu consentimiento en relaci\u00f3n con los datos que tenemos sobre ti. Para ejercer estos derechos, ponte en contacto con nosotros por correo electr\u00f3nico en <a href=\"mailto:birdinginspainswildwest@gmail.com\">birdinginspainswildwest@gmail.com.<\/a> Tambi\u00e9n puedes presentar una reclamaci\u00f3n ante la Agencia Espa\u00f1ola de Protecci\u00f3n de Datos.<\/p>\n\n<p> <\/p>\t\t\t\t\t\t\t\t<\/div>\n\t\t\t\t<\/div>\n\t\t\t\t\t<\/div>\n\t\t<\/div>\n\t\t\t\t\t<\/div>\n\t\t<\/section>\n\t\t\t\t<\/div>\n\t\t","protected":false},"excerpt":{"rendered":"<p>Pol\u00edtica de privacidad Introducci\u00f3n En BIRDING IN SPAIN&#8217;S WILD WEST, estamos comprometidos con la privacidad y confidencialidad de los datos personales de nuestros visitantes y usuarios. Esta declaraci\u00f3n de privacidad&hellip;<\/p>\n","protected":false},"author":31,"featured_media":0,"parent":0,"menu_order":0,"comment_status":"closed","ping_status":"closed","template":"","meta":{"_glsr_average":0,"_glsr_ranking":0,"_glsr_reviews":0,"footnotes":""},"class_list":["post-19657","page","type-page","status-publish","hentry"],"yoast_head":"<!-- This site is optimized with the Yoast SEO plugin v27.4 - https:\/\/yoast.com\/product\/yoast-seo-wordpress\/ -->\n<title>Pol\u00edtica de privacidad - BIRDING IN SPAIN&#039;S WILD WEST<\/title>\n<meta name=\"robots\" content=\"noindex, nofollow\" \/>\n<meta property=\"og:locale\" content=\"es_ES\" \/>\n<meta property=\"og:type\" content=\"article\" \/>\n<meta property=\"og:title\" content=\"Pol\u00edtica de privacidad - BIRDING IN SPAIN&#039;S WILD WEST\" \/>\n<meta property=\"og:description\" content=\"Pol\u00edtica de privacidad Introducci\u00f3n En BIRDING IN SPAIN&#8217;S WILD WEST, estamos comprometidos con la privacidad y confidencialidad de los datos personales de nuestros visitantes y usuarios. Esta declaraci\u00f3n de privacidad&hellip;\" \/>\n<meta property=\"og:url\" content=\"https:\/\/birdinginspainswildwest.com\/es\/politica-de-privacidad\/\" \/>\n<meta property=\"og:site_name\" content=\"BIRDING IN SPAIN&#039;S WILD WEST\" \/>\n<meta property=\"article:modified_time\" content=\"2024-11-22T12:12:10+00:00\" \/>\n<meta name=\"twitter:card\" content=\"summary_large_image\" \/>\n<meta name=\"twitter:label1\" content=\"Tiempo de lectura\" \/>\n\t<meta name=\"twitter:data1\" content=\"2 minutos\" \/>\n<script type=\"application\/ld+json\" class=\"yoast-schema-graph\">{\"@context\":\"https:\\\/\\\/schema.org\",\"@graph\":[{\"@type\":\"WebPage\",\"@id\":\"https:\\\/\\\/birdinginspainswildwest.com\\\/es\\\/politica-de-privacidad\\\/\",\"url\":\"https:\\\/\\\/birdinginspainswildwest.com\\\/es\\\/politica-de-privacidad\\\/\",\"name\":\"Pol\u00edtica de privacidad - BIRDING IN SPAIN&#039;S WILD WEST\",\"isPartOf\":{\"@id\":\"https:\\\/\\\/birdinginspainswildwest.com\\\/es\\\/#website\"},\"datePublished\":\"2024-10-08T12:20:05+00:00\",\"dateModified\":\"2024-11-22T12:12:10+00:00\",\"breadcrumb\":{\"@id\":\"https:\\\/\\\/birdinginspainswildwest.com\\\/es\\\/politica-de-privacidad\\\/#breadcrumb\"},\"inLanguage\":\"es\",\"potentialAction\":[{\"@type\":\"ReadAction\",\"target\":[\"https:\\\/\\\/birdinginspainswildwest.com\\\/es\\\/politica-de-privacidad\\\/\"]}]},{\"@type\":\"BreadcrumbList\",\"@id\":\"https:\\\/\\\/birdinginspainswildwest.com\\\/es\\\/politica-de-privacidad\\\/#breadcrumb\",\"itemListElement\":[{\"@type\":\"ListItem\",\"position\":1,\"name\":\"Portada\",\"item\":\"https:\\\/\\\/birdinginspainswildwest.com\\\/es\\\/\"},{\"@type\":\"ListItem\",\"position\":2,\"name\":\"Pol\u00edtica de privacidad\"}]},{\"@type\":\"WebSite\",\"@id\":\"https:\\\/\\\/birdinginspainswildwest.com\\\/es\\\/#website\",\"url\":\"https:\\\/\\\/birdinginspainswildwest.com\\\/es\\\/\",\"name\":\"BIRDING IN SPAIN&#039;S WILD WEST\",\"description\":\"Guided birding in the west of Spain\",\"publisher\":{\"@id\":\"https:\\\/\\\/birdinginspainswildwest.com\\\/es\\\/#organization\"},\"potentialAction\":[{\"@type\":\"SearchAction\",\"target\":{\"@type\":\"EntryPoint\",\"urlTemplate\":\"https:\\\/\\\/birdinginspainswildwest.com\\\/es\\\/?s={search_term_string}\"},\"query-input\":{\"@type\":\"PropertyValueSpecification\",\"valueRequired\":true,\"valueName\":\"search_term_string\"}}],\"inLanguage\":\"es\"},{\"@type\":\"Organization\",\"@id\":\"https:\\\/\\\/birdinginspainswildwest.com\\\/es\\\/#organization\",\"name\":\"BIRDING IN SPAIN&#039;S WILD WEST\",\"url\":\"https:\\\/\\\/birdinginspainswildwest.com\\\/es\\\/\",\"logo\":{\"@type\":\"ImageObject\",\"inLanguage\":\"es\",\"@id\":\"https:\\\/\\\/birdinginspainswildwest.com\\\/es\\\/#\\\/schema\\\/logo\\\/image\\\/\",\"url\":\"https:\\\/\\\/birdinginspainswildwest.com\\\/wp-content\\\/uploads\\\/2020\\\/06\\\/logotipo.webp\",\"contentUrl\":\"https:\\\/\\\/birdinginspainswildwest.com\\\/wp-content\\\/uploads\\\/2020\\\/06\\\/logotipo.webp\",\"width\":179,\"height\":171,\"caption\":\"BIRDING IN SPAIN&#039;S WILD WEST\"},\"image\":{\"@id\":\"https:\\\/\\\/birdinginspainswildwest.com\\\/es\\\/#\\\/schema\\\/logo\\\/image\\\/\"}}]}<\/script>\n<!-- \/ Yoast SEO plugin. -->","yoast_head_json":{"title":"Pol\u00edtica de privacidad - BIRDING IN SPAIN&#039;S WILD WEST","robots":{"index":"noindex","follow":"nofollow"},"og_locale":"es_ES","og_type":"article","og_title":"Pol\u00edtica de privacidad - BIRDING IN SPAIN&#039;S WILD WEST","og_description":"Pol\u00edtica de privacidad Introducci\u00f3n En BIRDING IN SPAIN&#8217;S WILD WEST, estamos comprometidos con la privacidad y confidencialidad de los datos personales de nuestros visitantes y usuarios. Esta declaraci\u00f3n de privacidad&hellip;","og_url":"https:\/\/birdinginspainswildwest.com\/es\/politica-de-privacidad\/","og_site_name":"BIRDING IN SPAIN&#039;S WILD WEST","article_modified_time":"2024-11-22T12:12:10+00:00","twitter_card":"summary_large_image","twitter_misc":{"Tiempo de lectura":"2 minutos"},"schema":{"@context":"https:\/\/schema.org","@graph":[{"@type":"WebPage","@id":"https:\/\/birdinginspainswildwest.com\/es\/politica-de-privacidad\/","url":"https:\/\/birdinginspainswildwest.com\/es\/politica-de-privacidad\/","name":"Pol\u00edtica de privacidad - BIRDING IN SPAIN&#039;S WILD WEST","isPartOf":{"@id":"https:\/\/birdinginspainswildwest.com\/es\/#website"},"datePublished":"2024-10-08T12:20:05+00:00","dateModified":"2024-11-22T12:12:10+00:00","breadcrumb":{"@id":"https:\/\/birdinginspainswildwest.com\/es\/politica-de-privacidad\/#breadcrumb"},"inLanguage":"es","potentialAction":[{"@type":"ReadAction","target":["https:\/\/birdinginspainswildwest.com\/es\/politica-de-privacidad\/"]}]},{"@type":"BreadcrumbList","@id":"https:\/\/birdinginspainswildwest.com\/es\/politica-de-privacidad\/#breadcrumb","itemListElement":[{"@type":"ListItem","position":1,"name":"Portada","item":"https:\/\/birdinginspainswildwest.com\/es\/"},{"@type":"ListItem","position":2,"name":"Pol\u00edtica de privacidad"}]},{"@type":"WebSite","@id":"https:\/\/birdinginspainswildwest.com\/es\/#website","url":"https:\/\/birdinginspainswildwest.com\/es\/","name":"BIRDING IN SPAIN&#039;S WILD WEST","description":"Guided birding in the west of Spain","publisher":{"@id":"https:\/\/birdinginspainswildwest.com\/es\/#organization"},"potentialAction":[{"@type":"SearchAction","target":{"@type":"EntryPoint","urlTemplate":"https:\/\/birdinginspainswildwest.com\/es\/?s={search_term_string}"},"query-input":{"@type":"PropertyValueSpecification","valueRequired":true,"valueName":"search_term_string"}}],"inLanguage":"es"},{"@type":"Organization","@id":"https:\/\/birdinginspainswildwest.com\/es\/#organization","name":"BIRDING IN SPAIN&#039;S WILD WEST","url":"https:\/\/birdinginspainswildwest.com\/es\/","logo":{"@type":"ImageObject","inLanguage":"es","@id":"https:\/\/birdinginspainswildwest.com\/es\/#\/schema\/logo\/image\/","url":"https:\/\/birdinginspainswildwest.com\/wp-content\/uploads\/2020\/06\/logotipo.webp","contentUrl":"https:\/\/birdinginspainswildwest.com\/wp-content\/uploads\/2020\/06\/logotipo.webp","width":179,"height":171,"caption":"BIRDING IN SPAIN&#039;S WILD WEST"},"image":{"@id":"https:\/\/birdinginspainswildwest.com\/es\/#\/schema\/logo\/image\/"}}]}},"_links":{"self":[{"href":"https:\/\/birdinginspainswildwest.com\/es\/wp-json\/wp\/v2\/pages\/19657","targetHints":{"allow":["GET"]}}],"collection":[{"href":"https:\/\/birdinginspainswildwest.com\/es\/wp-json\/wp\/v2\/pages"}],"about":[{"href":"https:\/\/birdinginspainswildwest.com\/es\/wp-json\/wp\/v2\/types\/page"}],"author":[{"embeddable":true,"href":"https:\/\/birdinginspainswildwest.com\/es\/wp-json\/wp\/v2\/users\/31"}],"replies":[{"embeddable":true,"href":"https:\/\/birdinginspainswildwest.com\/es\/wp-json\/wp\/v2\/comments?post=19657"}],"version-history":[{"count":3,"href":"https:\/\/birdinginspainswildwest.com\/es\/wp-json\/wp\/v2\/pages\/19657\/revisions"}],"predecessor-version":[{"id":19660,"href":"https:\/\/birdinginspainswildwest.com\/es\/wp-json\/wp\/v2\/pages\/19657\/revisions\/19660"}],"wp:attachment":[{"href":"https:\/\/birdinginspainswildwest.com\/es\/wp-json\/wp\/v2\/media?parent=19657"}],"curies":[{"name":"wp","href":"https:\/\/api.w.org\/{rel}","templated":true}]}}