{"id":19643,"date":"2024-10-15T07:12:55","date_gmt":"2024-10-15T07:12:55","guid":{"rendered":"https:\/\/birdinginspainswildwest.com\/accessibilite\/"},"modified":"2024-11-22T12:09:53","modified_gmt":"2024-11-22T12:09:53","slug":"accessibilite","status":"publish","type":"page","link":"https:\/\/birdinginspainswildwest.com\/fr\/accessibilite\/","title":{"rendered":"Accessibilit\u00e9"},"content":{"rendered":"\t\t<div data-elementor-type=\"wp-page\" data-elementor-id=\"19643\" class=\"elementor elementor-19643 elementor-18584\">\n\t\t\t\t\t\t<section class=\"elementor-section elementor-top-section elementor-element elementor-element-0c1c270 elementor-section-boxed elementor-section-height-default elementor-section-height-default sc_fly_static\" data-id=\"0c1c270\" data-element_type=\"section\" data-e-type=\"section\">\n\t\t\t\t\t\t<div class=\"elementor-container elementor-column-gap-extended\">\n\t\t\t\t\t<div class=\"elementor-column elementor-col-100 elementor-top-column elementor-element elementor-element-ef789bd sc_content_align_inherit sc_layouts_column_icons_position_left sc_fly_static\" data-id=\"ef789bd\" data-element_type=\"column\" data-e-type=\"column\">\n\t\t\t<div class=\"elementor-widget-wrap elementor-element-populated\">\n\t\t\t\t\t\t<div class=\"elementor-element elementor-element-f068a17 sc_fly_static elementor-widget elementor-widget-heading\" data-id=\"f068a17\" data-element_type=\"widget\" data-e-type=\"widget\" data-widget_type=\"heading.default\">\n\t\t\t\t<div class=\"elementor-widget-container\">\n\t\t\t\t\t<h1 class=\"elementor-heading-title elementor-size-default\">Accessibilit\u00e9<\/h1>\t\t\t\t<\/div>\n\t\t\t\t<\/div>\n\t\t\t\t<div class=\"elementor-element elementor-element-7113392 sc_fly_static elementor-widget elementor-widget-spacer\" data-id=\"7113392\" data-element_type=\"widget\" data-e-type=\"widget\" data-widget_type=\"spacer.default\">\n\t\t\t\t<div class=\"elementor-widget-container\">\n\t\t\t\t\t\t\t<div class=\"elementor-spacer\">\n\t\t\t<div class=\"elementor-spacer-inner\"><\/div>\n\t\t<\/div>\n\t\t\t\t\t\t<\/div>\n\t\t\t\t<\/div>\n\t\t\t\t<div class=\"elementor-element elementor-element-59d3228 sc_fly_static elementor-widget elementor-widget-text-editor\" data-id=\"59d3228\" data-element_type=\"widget\" data-e-type=\"widget\" data-widget_type=\"text-editor.default\">\n\t\t\t\t<div class=\"elementor-widget-container\">\n\t\t\t\t\t\t\t\t\t<p>La pr\u00e9sente d\u00e9claration d&rsquo;accessibilit\u00e9 s&rsquo;applique au site web www.birdinginspainswildwest.com.<\/p>\n<p><strong>\u00c9tat de conformit\u00e9<\/strong><\/p>\n<p>Ce site web est partiellement conforme au RD 1112\/2018 en raison des exceptions et des probl\u00e8mes de non-conformit\u00e9 \u00e9num\u00e9r\u00e9s dans la section suivante.<\/p>\n<p><strong>Contenu non accessible<\/strong><\/p>\n<p>Les contenus \u00e9num\u00e9r\u00e9s ci-dessous ne sont pas accessibles pour les raisons suivantes :<\/p>\n<ul>\n<li>\n<p><strong>Non-conformit\u00e9 avec le RD 1112\/2018<\/strong><\/p>\n<ul>\n<li>Il se peut que des documents de bureau en format PDF et autres formats publi\u00e9s apr\u00e8s le 20 septembre 2018 ne r\u00e9pondent pas enti\u00e8rement aux exigences en mati\u00e8re d&rsquo;accessibilit\u00e9. Les documents accessibles peuvent \u00eatre demand\u00e9s via le formulaire de contact pour les plaintes et les demandes de renseignements. <\/li>\n<li>Certaines pages web peuvent parfois contenir des erreurs de code d&rsquo;\u00e9dition.  [4 .1.1 Processing]<\/li>\n<li>Certains aspects du contraste peuvent ne pas respecter le rapport minimum requis de 3:1 en ce qui concerne les couleurs d&rsquo;arri\u00e8re-plan adjacentes de certaines sections du site web.  [9 .1.4.11 Non-textual contrast]<\/li>\n<li>Certains \u00e9l\u00e9ments non textuels peuvent ne pas \u00eatre correctement \u00e9tiquet\u00e9s [2 .5.3 Label in name] et [4.1.2 Nom, r\u00f4le, valeur].<\/li>\n<li>Les fonctions de recherche peuvent se d\u00e9clencher automatiquement sans n\u00e9cessiter d&rsquo;action de la part de l&rsquo;utilisateur.  [3 .2.2 On input]<\/li>\n<\/ul>\n<\/li>\n<li>\n<p><strong>Charge disproportionn\u00e9e<\/strong><\/p>\n<ul>\n<li>Sans objet.<\/li>\n<\/ul>\n<\/li>\n<li>\n<p><strong>Contenu n&rsquo;entrant pas dans le champ d&rsquo;application de la l\u00e9gislation en vigueur<\/strong><\/p>\n<ul>\n<li>Il se peut que des documents bureautiques au format PDF ou dans d&rsquo;autres formats ne soient pas enti\u00e8rement conformes \u00e0 toutes les exigences en mati\u00e8re d&rsquo;accessibilit\u00e9, bien que des efforts aient \u00e9t\u00e9 faits pour que la plupart d&rsquo;entre eux le soient.<\/li>\n<\/ul>\n<\/li>\n<\/ul>\n<p><strong>Pr\u00e9paration de la pr\u00e9sente d\u00e9claration d&rsquo;accessibilit\u00e9<\/strong><\/p>\n<p>Cette d\u00e9claration a \u00e9t\u00e9 pr\u00e9par\u00e9e le 18 d\u00e9cembre 2022.<\/p>\n<p>La m\u00e9thode utilis\u00e9e pour pr\u00e9parer cette d\u00e9claration a \u00e9t\u00e9 une auto-\u00e9valuation r\u00e9alis\u00e9e par l&rsquo;organisation elle-m\u00eame.<\/p>\n<p><strong>Commentaires et informations de contact<\/strong><\/p>\n<p>Vous pouvez communiquer les exigences d&rsquo;accessibilit\u00e9 (article 10.2.a du RD 1112\/2018), comme par exemple :<\/p>\n<ul>\n<li>Signaler tout cas de non-conformit\u00e9 \u00e9ventuel de ce site web.<\/li>\n<li>Fournir d&rsquo;autres difficult\u00e9s d&rsquo;acc\u00e8s au contenu.<\/li>\n<li>Soumettre toute autre question ou suggestion visant \u00e0 am\u00e9liorer l&rsquo;accessibilit\u00e9 du site web par le biais du formulaire de contact figurant sur ce site web.<\/li>\n<\/ul>\n<p>Vous pouvez soumettre :<\/p>\n<ul>\n<li>Une plainte concernant le respect des exigences du document RD 1112\/2018, ou<\/li>\n<li>Une demande d&rsquo;informations accessibles concernant :\n<ul>\n<li>Contenu exclu du champ d&rsquo;application du RD 1112\/2018 tel qu&rsquo;\u00e9tabli par l&rsquo;article 3, section 4.<\/li>\n<li>Contenu exempt\u00e9 de la mise en conformit\u00e9 parce qu&rsquo;il impose une charge disproportionn\u00e9e.<\/li>\n<\/ul>\n<\/li>\n<\/ul>\n<p>La demande d&rsquo;informations accessibles doit clairement sp\u00e9cifier les faits, les raisons et la demande afin de v\u00e9rifier qu&rsquo;il s&rsquo;agit d&rsquo;une demande raisonnable et l\u00e9gitime. Les plaintes et les r\u00e9clamations concernant l&rsquo;accessibilit\u00e9 des informations peuvent \u00eatre d\u00e9pos\u00e9es au moyen du formulaire de contact figurant sur ce site web. <\/p>\n<p><strong>Contenu optionnel<\/strong><\/p>\n<p>Ce portail est con\u00e7u pour permettre de modifier la taille et la couleur du texte, ainsi que l&rsquo;arri\u00e8re-plan de la page, \u00e0 l&rsquo;aide des options de configuration standard du navigateur.<\/p>\n<p>Si vous souhaitez modifier la taille de la police dans les principaux navigateurs graphiques, utilisez les menus suivants :<\/p>\n<ul>\n<li>Internet Explorer, Mozilla et Firefox : Voir &gt; Taille du texte<\/li>\n<li>Op\u00e9ra : Voir &gt; Zoom<\/li>\n<li>Safari : View &gt; Agrandir le texte<\/li>\n<li>Chrome : Contr\u00f4lez la page actuelle &gt; Taille du texte<\/li>\n<\/ul>\n<p>Pour ajuster la taille de tous les \u00e9l\u00e9ments de la page :<\/p>\n<ul>\n<li>Ctrl + + pour augmenter<\/li>\n<li>Ctrl + &#8211; pour diminuer<\/li>\n<li>Ctrl + 0 pour r\u00e9tablir la taille originale du texte<\/li>\n<\/ul>\n<p>Si vous souhaitez d\u00e9sactiver la feuille de style ou modifier la couleur du texte, vous pouvez vous reporter \u00e0 la section \u00ab\u00a0Comment modifier la taille ou la couleur du texte\u00a0\u00bb<\/p>\n\t\t\t\t\t\t\t\t<\/div>\n\t\t\t\t<\/div>\n\t\t\t\t\t<\/div>\n\t\t<\/div>\n\t\t\t\t\t<\/div>\n\t\t<\/section>\n\t\t\t\t<\/div>\n\t\t","protected":false},"excerpt":{"rendered":"<p>Accessibilit\u00e9 La pr\u00e9sente d\u00e9claration d&rsquo;accessibilit\u00e9 s&rsquo;applique au site web www.birdinginspainswildwest.com. \u00c9tat de conformit\u00e9 Ce site web est partiellement conforme au RD 1112\/2018 en raison des exceptions et des probl\u00e8mes de&hellip;<\/p>\n","protected":false},"author":43,"featured_media":0,"parent":0,"menu_order":0,"comment_status":"closed","ping_status":"closed","template":"","meta":{"_glsr_average":0,"_glsr_ranking":0,"_glsr_reviews":0,"footnotes":""},"class_list":["post-19643","page","type-page","status-publish","hentry"],"yoast_head":"<!-- This site is optimized with the Yoast SEO plugin v27.3 - https:\/\/yoast.com\/product\/yoast-seo-wordpress\/ -->\n<title>Accessibilit\u00e9 - BIRDING IN SPAIN&#039;S WILD WEST<\/title>\n<meta name=\"robots\" content=\"noindex, nofollow\" \/>\n<meta property=\"og:locale\" content=\"fr_FR\" \/>\n<meta property=\"og:type\" content=\"article\" \/>\n<meta property=\"og:title\" content=\"Accessibilit\u00e9 - BIRDING IN SPAIN&#039;S WILD WEST\" \/>\n<meta property=\"og:description\" content=\"Accessibilit\u00e9 La pr\u00e9sente d\u00e9claration d&rsquo;accessibilit\u00e9 s&rsquo;applique au site web www.birdinginspainswildwest.com. \u00c9tat de conformit\u00e9 Ce site web est partiellement conforme au RD 1112\/2018 en raison des exceptions et des probl\u00e8mes de&hellip;\" \/>\n<meta property=\"og:url\" content=\"https:\/\/birdinginspainswildwest.com\/fr\/accessibilite\/\" \/>\n<meta property=\"og:site_name\" content=\"BIRDING IN SPAIN&#039;S WILD WEST\" \/>\n<meta property=\"article:modified_time\" content=\"2024-11-22T12:09:53+00:00\" \/>\n<meta name=\"twitter:card\" content=\"summary_large_image\" \/>\n<meta name=\"twitter:label1\" content=\"Dur\u00e9e de lecture estim\u00e9e\" \/>\n\t<meta name=\"twitter:data1\" content=\"3 minutes\" \/>\n<script type=\"application\/ld+json\" class=\"yoast-schema-graph\">{\"@context\":\"https:\\\/\\\/schema.org\",\"@graph\":[{\"@type\":\"WebPage\",\"@id\":\"https:\\\/\\\/birdinginspainswildwest.com\\\/fr\\\/accessibilite\\\/\",\"url\":\"https:\\\/\\\/birdinginspainswildwest.com\\\/fr\\\/accessibilite\\\/\",\"name\":\"Accessibilit\u00e9 - BIRDING IN SPAIN&#039;S WILD WEST\",\"isPartOf\":{\"@id\":\"https:\\\/\\\/birdinginspainswildwest.com\\\/fr\\\/#website\"},\"datePublished\":\"2024-10-15T07:12:55+00:00\",\"dateModified\":\"2024-11-22T12:09:53+00:00\",\"breadcrumb\":{\"@id\":\"https:\\\/\\\/birdinginspainswildwest.com\\\/fr\\\/accessibilite\\\/#breadcrumb\"},\"inLanguage\":\"fr-FR\",\"potentialAction\":[{\"@type\":\"ReadAction\",\"target\":[\"https:\\\/\\\/birdinginspainswildwest.com\\\/fr\\\/accessibilite\\\/\"]}]},{\"@type\":\"BreadcrumbList\",\"@id\":\"https:\\\/\\\/birdinginspainswildwest.com\\\/fr\\\/accessibilite\\\/#breadcrumb\",\"itemListElement\":[{\"@type\":\"ListItem\",\"position\":1,\"name\":\"Portada\",\"item\":\"https:\\\/\\\/birdinginspainswildwest.com\\\/fr\\\/\"},{\"@type\":\"ListItem\",\"position\":2,\"name\":\"Accessibilit\u00e9\"}]},{\"@type\":\"WebSite\",\"@id\":\"https:\\\/\\\/birdinginspainswildwest.com\\\/fr\\\/#website\",\"url\":\"https:\\\/\\\/birdinginspainswildwest.com\\\/fr\\\/\",\"name\":\"BIRDING IN SPAIN&#039;S WILD WEST\",\"description\":\"Guided birding in the west of Spain\",\"publisher\":{\"@id\":\"https:\\\/\\\/birdinginspainswildwest.com\\\/fr\\\/#organization\"},\"potentialAction\":[{\"@type\":\"SearchAction\",\"target\":{\"@type\":\"EntryPoint\",\"urlTemplate\":\"https:\\\/\\\/birdinginspainswildwest.com\\\/fr\\\/?s={search_term_string}\"},\"query-input\":{\"@type\":\"PropertyValueSpecification\",\"valueRequired\":true,\"valueName\":\"search_term_string\"}}],\"inLanguage\":\"fr-FR\"},{\"@type\":\"Organization\",\"@id\":\"https:\\\/\\\/birdinginspainswildwest.com\\\/fr\\\/#organization\",\"name\":\"BIRDING IN SPAIN&#039;S WILD WEST\",\"url\":\"https:\\\/\\\/birdinginspainswildwest.com\\\/fr\\\/\",\"logo\":{\"@type\":\"ImageObject\",\"inLanguage\":\"fr-FR\",\"@id\":\"https:\\\/\\\/birdinginspainswildwest.com\\\/fr\\\/#\\\/schema\\\/logo\\\/image\\\/\",\"url\":\"https:\\\/\\\/birdinginspainswildwest.com\\\/wp-content\\\/uploads\\\/2020\\\/06\\\/logotipo.webp\",\"contentUrl\":\"https:\\\/\\\/birdinginspainswildwest.com\\\/wp-content\\\/uploads\\\/2020\\\/06\\\/logotipo.webp\",\"width\":179,\"height\":171,\"caption\":\"BIRDING IN SPAIN&#039;S WILD WEST\"},\"image\":{\"@id\":\"https:\\\/\\\/birdinginspainswildwest.com\\\/fr\\\/#\\\/schema\\\/logo\\\/image\\\/\"}}]}<\/script>\n<!-- \/ Yoast SEO plugin. -->","yoast_head_json":{"title":"Accessibilit\u00e9 - BIRDING IN SPAIN&#039;S WILD WEST","robots":{"index":"noindex","follow":"nofollow"},"og_locale":"fr_FR","og_type":"article","og_title":"Accessibilit\u00e9 - BIRDING IN SPAIN&#039;S WILD WEST","og_description":"Accessibilit\u00e9 La pr\u00e9sente d\u00e9claration d&rsquo;accessibilit\u00e9 s&rsquo;applique au site web www.birdinginspainswildwest.com. \u00c9tat de conformit\u00e9 Ce site web est partiellement conforme au RD 1112\/2018 en raison des exceptions et des probl\u00e8mes de&hellip;","og_url":"https:\/\/birdinginspainswildwest.com\/fr\/accessibilite\/","og_site_name":"BIRDING IN SPAIN&#039;S WILD WEST","article_modified_time":"2024-11-22T12:09:53+00:00","twitter_card":"summary_large_image","twitter_misc":{"Dur\u00e9e de lecture estim\u00e9e":"3 minutes"},"schema":{"@context":"https:\/\/schema.org","@graph":[{"@type":"WebPage","@id":"https:\/\/birdinginspainswildwest.com\/fr\/accessibilite\/","url":"https:\/\/birdinginspainswildwest.com\/fr\/accessibilite\/","name":"Accessibilit\u00e9 - BIRDING IN SPAIN&#039;S WILD WEST","isPartOf":{"@id":"https:\/\/birdinginspainswildwest.com\/fr\/#website"},"datePublished":"2024-10-15T07:12:55+00:00","dateModified":"2024-11-22T12:09:53+00:00","breadcrumb":{"@id":"https:\/\/birdinginspainswildwest.com\/fr\/accessibilite\/#breadcrumb"},"inLanguage":"fr-FR","potentialAction":[{"@type":"ReadAction","target":["https:\/\/birdinginspainswildwest.com\/fr\/accessibilite\/"]}]},{"@type":"BreadcrumbList","@id":"https:\/\/birdinginspainswildwest.com\/fr\/accessibilite\/#breadcrumb","itemListElement":[{"@type":"ListItem","position":1,"name":"Portada","item":"https:\/\/birdinginspainswildwest.com\/fr\/"},{"@type":"ListItem","position":2,"name":"Accessibilit\u00e9"}]},{"@type":"WebSite","@id":"https:\/\/birdinginspainswildwest.com\/fr\/#website","url":"https:\/\/birdinginspainswildwest.com\/fr\/","name":"BIRDING IN SPAIN&#039;S WILD WEST","description":"Guided birding in the west of Spain","publisher":{"@id":"https:\/\/birdinginspainswildwest.com\/fr\/#organization"},"potentialAction":[{"@type":"SearchAction","target":{"@type":"EntryPoint","urlTemplate":"https:\/\/birdinginspainswildwest.com\/fr\/?s={search_term_string}"},"query-input":{"@type":"PropertyValueSpecification","valueRequired":true,"valueName":"search_term_string"}}],"inLanguage":"fr-FR"},{"@type":"Organization","@id":"https:\/\/birdinginspainswildwest.com\/fr\/#organization","name":"BIRDING IN SPAIN&#039;S WILD WEST","url":"https:\/\/birdinginspainswildwest.com\/fr\/","logo":{"@type":"ImageObject","inLanguage":"fr-FR","@id":"https:\/\/birdinginspainswildwest.com\/fr\/#\/schema\/logo\/image\/","url":"https:\/\/birdinginspainswildwest.com\/wp-content\/uploads\/2020\/06\/logotipo.webp","contentUrl":"https:\/\/birdinginspainswildwest.com\/wp-content\/uploads\/2020\/06\/logotipo.webp","width":179,"height":171,"caption":"BIRDING IN SPAIN&#039;S WILD WEST"},"image":{"@id":"https:\/\/birdinginspainswildwest.com\/fr\/#\/schema\/logo\/image\/"}}]}},"_links":{"self":[{"href":"https:\/\/birdinginspainswildwest.com\/fr\/wp-json\/wp\/v2\/pages\/19643","targetHints":{"allow":["GET"]}}],"collection":[{"href":"https:\/\/birdinginspainswildwest.com\/fr\/wp-json\/wp\/v2\/pages"}],"about":[{"href":"https:\/\/birdinginspainswildwest.com\/fr\/wp-json\/wp\/v2\/types\/page"}],"author":[{"embeddable":true,"href":"https:\/\/birdinginspainswildwest.com\/fr\/wp-json\/wp\/v2\/users\/43"}],"replies":[{"embeddable":true,"href":"https:\/\/birdinginspainswildwest.com\/fr\/wp-json\/wp\/v2\/comments?post=19643"}],"version-history":[{"count":1,"href":"https:\/\/birdinginspainswildwest.com\/fr\/wp-json\/wp\/v2\/pages\/19643\/revisions"}],"predecessor-version":[{"id":19644,"href":"https:\/\/birdinginspainswildwest.com\/fr\/wp-json\/wp\/v2\/pages\/19643\/revisions\/19644"}],"wp:attachment":[{"href":"https:\/\/birdinginspainswildwest.com\/fr\/wp-json\/wp\/v2\/media?parent=19643"}],"curies":[{"name":"wp","href":"https:\/\/api.w.org\/{rel}","templated":true}]}}