{"id":19647,"date":"2024-10-08T12:20:05","date_gmt":"2024-10-08T12:20:05","guid":{"rendered":"https:\/\/birdinginspainswildwest.com\/politique-en-matiere-de-cookies\/"},"modified":"2024-11-22T12:10:36","modified_gmt":"2024-11-22T12:10:36","slug":"politique-en-matiere-de-cookies","status":"publish","type":"page","link":"https:\/\/birdinginspainswildwest.com\/fr\/politique-en-matiere-de-cookies\/","title":{"rendered":"Politique en mati\u00e8re de cookies"},"content":{"rendered":"\t\t<div data-elementor-type=\"wp-page\" data-elementor-id=\"19647\" class=\"elementor elementor-19647 elementor-18543\">\n\t\t\t\t\t\t<section class=\"elementor-section elementor-top-section elementor-element elementor-element-6752e27d elementor-section-boxed elementor-section-height-default elementor-section-height-default sc_fly_static\" data-id=\"6752e27d\" data-element_type=\"section\" data-e-type=\"section\">\n\t\t\t\t\t\t<div class=\"elementor-container elementor-column-gap-extended\">\n\t\t\t\t\t<div class=\"elementor-column elementor-col-100 elementor-top-column elementor-element elementor-element-42ac7296 sc_content_align_inherit sc_layouts_column_icons_position_left sc_fly_static\" data-id=\"42ac7296\" data-element_type=\"column\" data-e-type=\"column\">\n\t\t\t<div class=\"elementor-widget-wrap elementor-element-populated\">\n\t\t\t\t\t\t<div class=\"elementor-element elementor-element-33fad40 sc_fly_static elementor-widget elementor-widget-heading\" data-id=\"33fad40\" data-element_type=\"widget\" data-e-type=\"widget\" data-widget_type=\"heading.default\">\n\t\t\t\t<div class=\"elementor-widget-container\">\n\t\t\t\t\t<h1 class=\"elementor-heading-title elementor-size-default\">Cookies<\/h1>\t\t\t\t<\/div>\n\t\t\t\t<\/div>\n\t\t\t\t<div class=\"elementor-element elementor-element-8f1c313 sc_fly_static elementor-widget elementor-widget-spacer\" data-id=\"8f1c313\" data-element_type=\"widget\" data-e-type=\"widget\" data-widget_type=\"spacer.default\">\n\t\t\t\t<div class=\"elementor-widget-container\">\n\t\t\t\t\t\t\t<div class=\"elementor-spacer\">\n\t\t\t<div class=\"elementor-spacer-inner\"><\/div>\n\t\t<\/div>\n\t\t\t\t\t\t<\/div>\n\t\t\t\t<\/div>\n\t\t\t\t<div class=\"elementor-element elementor-element-358a9ccc sc_fly_static elementor-widget elementor-widget-text-editor\" data-id=\"358a9ccc\" data-element_type=\"widget\" data-e-type=\"widget\" data-widget_type=\"text-editor.default\">\n\t\t\t\t<div class=\"elementor-widget-container\">\n\t\t\t\t\t\t\t\t\t<p>Conform\u00e9ment \u00e0 la loi 34\/2002 du 11 juillet sur les services de la soci\u00e9t\u00e9 de l&rsquo;information et le commerce \u00e9lectronique (LSSICE), nous vous informons que ce site Web, BIRDING IN SPAIN&rsquo;S WILD WEST, utilise des cookies.<\/p>\n<p>La LSSICE s&rsquo;applique \u00e0 tout type de fichier ou de dispositif t\u00e9l\u00e9charg\u00e9 sur l&rsquo;\u00e9quipement terminal d&rsquo;un utilisateur pour stocker des donn\u00e9es qui peuvent \u00eatre mises \u00e0 jour et r\u00e9cup\u00e9r\u00e9es par l&rsquo;entit\u00e9 responsable de leur installation. Un cookie est l&rsquo;un de ces fichiers largement utilis\u00e9s, que nous appellerons de mani\u00e8re g\u00e9n\u00e9rique \u00ab\u00a0cookies\u00a0\u00bb.<\/p>\n<p>Les cookies sont de petits fichiers texte envoy\u00e9s \u00e0 un navigateur par un serveur web pour enregistrer l&rsquo;activit\u00e9 de l&rsquo;utilisateur sur un site web afin que ces informations puissent \u00eatre r\u00e9cup\u00e9r\u00e9es ult\u00e9rieurement lors de la navigation sur les diff\u00e9rentes pages connect\u00e9es au serveur qui les a install\u00e9s.<\/p>\n<p>Les cookies stockent g\u00e9n\u00e9ralement des informations techniques, des pr\u00e9f\u00e9rences personnelles, la personnalisation du contenu, des statistiques d&rsquo;utilisation, des liens vers des r\u00e9seaux sociaux, l&rsquo;acc\u00e8s \u00e0 des comptes d&rsquo;utilisateurs, etc.<\/p>\n<p><strong>Types de cookies<\/strong><\/p>\n<p>Vous trouverez ci-dessous une classification des cookies bas\u00e9e sur plusieurs cat\u00e9gories. Toutefois, il est important de noter qu&rsquo;un m\u00eame cookie peut entrer dans plus d&rsquo;une cat\u00e9gorie.<\/p>\n<ul>\n<li>\n<p><strong>Selon l&rsquo;entit\u00e9 qui les g\u00e8re<\/strong><\/p>\n<ul>\n<li><strong>Cookies propres<\/strong>: Ils sont envoy\u00e9s \u00e0 l&rsquo;\u00e9quipement terminal de l&rsquo;utilisateur \u00e0 partir d&rsquo;un dispositif ou d&rsquo;un domaine g\u00e9r\u00e9 par l&rsquo;\u00e9diteur et \u00e0 partir duquel le service demand\u00e9 par l&rsquo;utilisateur est fourni.<\/li>\n<li><strong>Cookies de tiers<\/strong>: Ils sont envoy\u00e9s \u00e0 l&rsquo;\u00e9quipement terminal de l&rsquo;utilisateur \u00e0 partir d&rsquo;un dispositif ou d&rsquo;un domaine qui n&rsquo;est pas g\u00e9r\u00e9 par l&rsquo;\u00e9diteur mais par une autre entit\u00e9 qui traite les donn\u00e9es obtenues par le biais des cookies.<\/li>\n<li>Si les cookies sont install\u00e9s \u00e0 partir d&rsquo;un appareil ou d&rsquo;un domaine g\u00e9r\u00e9 par l&rsquo;\u00e9diteur, mais que les informations collect\u00e9es sont g\u00e9r\u00e9es par un tiers, ils ne sont pas consid\u00e9r\u00e9s comme des cookies propres.<\/li>\n<\/ul>\n<\/li>\n<li>\n<p><strong>Selon la dur\u00e9e de leur activit\u00e9<\/strong><\/p>\n<ul>\n<li>En fonction de la dur\u00e9e pendant laquelle ils restent activ\u00e9s sur l&rsquo;\u00e9quipement terminal, nous pouvons faire une distinction :\n<ul>\n<li><strong>Cookies de session<\/strong>: Un type de cookie con\u00e7u pour collecter et stocker des donn\u00e9es pendant que l&rsquo;utilisateur acc\u00e8de \u00e0 une page web. Ils sont g\u00e9n\u00e9ralement utilis\u00e9s pour stocker des informations uniquement pour le service demand\u00e9 par l&rsquo;utilisateur \u00e0 une seule occasion (par exemple, une liste de produits achet\u00e9s).<\/li>\n<li><strong>Cookies persistants<\/strong>: Un type de cookie dans lequel les donn\u00e9es restent stock\u00e9es dans le terminal et peuvent \u00eatre consult\u00e9es et trait\u00e9es pendant une p\u00e9riode d\u00e9finie par le gestionnaire du cookie, qui peut aller de quelques minutes \u00e0 plusieurs ann\u00e9es.<\/li>\n<\/ul>\n<\/li>\n<\/ul>\n<\/li>\n<li>\n<p><strong>En fonction de leur objectif<\/strong><\/p>\n<ul>\n<li>En fonction de la finalit\u00e9 du traitement des donn\u00e9es obtenues par le biais des cookies, nous pouvons faire une distinction :\n<ul>\n<li><strong>Les cookies techniques<\/strong>: Ils permettent \u00e0 l&rsquo;utilisateur de naviguer sur une page web, une plateforme ou une application et d&rsquo;utiliser les diff\u00e9rentes options ou services disponibles, tels que le contr\u00f4le du trafic et de la communication des donn\u00e9es, l&rsquo;identification de la session, l&rsquo;acc\u00e8s aux zones restreintes, la m\u00e9morisation des articles dans un panier, le traitement d&rsquo;une commande, l&rsquo;inscription ou la participation \u00e0 un \u00e9v\u00e9nement, l&rsquo;utilisation des fonctions de s\u00e9curit\u00e9 pendant la navigation, le stockage de contenu pour la diffusion vid\u00e9o ou audio, ou le partage de contenu sur les r\u00e9seaux sociaux.<\/li>\n<li><strong>Cookies de personnalisation<\/strong>: Ils permettent \u00e0 l&rsquo;utilisateur d&rsquo;acc\u00e9der au service avec certaines caract\u00e9ristiques g\u00e9n\u00e9rales pr\u00e9d\u00e9finies en fonction d&rsquo;une s\u00e9rie de crit\u00e8res sur le terminal de l&rsquo;utilisateur, tels que la langue, le type de navigateur utilis\u00e9, la configuration r\u00e9gionale, etc.<\/li>\n<li><strong>Cookies analytiques<\/strong>: Ils permettent au responsable de suivre et d&rsquo;analyser le comportement des utilisateurs sur les sites web li\u00e9s. Les informations collect\u00e9es par ce type de cookies sont utilis\u00e9es pour mesurer l&rsquo;activit\u00e9 du site web, de l&rsquo;application ou de la plateforme et pour cr\u00e9er des profils de navigation de l&rsquo;utilisateur afin d&rsquo;introduire des am\u00e9liorations bas\u00e9es sur l&rsquo;analyse des donn\u00e9es d&rsquo;utilisation.<\/li>\n<li><strong>Cookies publicitaires<\/strong>: Ils permettent de g\u00e9rer le plus efficacement possible les espaces publicitaires que, le cas \u00e9ch\u00e9ant, l&rsquo;\u00e9diteur a inclus sur une page web, une application ou une plateforme \u00e0 partir de laquelle le service demand\u00e9 est fourni sur la base de crit\u00e8res tels que le contenu \u00e9dit\u00e9 ou la fr\u00e9quence \u00e0 laquelle les publicit\u00e9s sont affich\u00e9es.<\/li>\n<li><strong>Cookies de publicit\u00e9 comportementale<\/strong>: Ils permettent de g\u00e9rer au mieux les espaces publicitaires que, le cas \u00e9ch\u00e9ant, l&rsquo;\u00e9diteur a inclus sur une page web, une application ou une plateforme \u00e0 partir de laquelle le service demand\u00e9 est fourni. Ces cookies stockent des informations sur le comportement de l&rsquo;utilisateur obtenues gr\u00e2ce \u00e0 l&rsquo;observation continue de ses habitudes de navigation, ce qui permet de d\u00e9velopper un profil sp\u00e9cifique et d&rsquo;afficher de la publicit\u00e9 en fonction de ce profil.<\/li>\n<\/ul>\n<\/li>\n<\/ul>\n<\/li>\n<\/ul>\n<p><strong>Comment d\u00e9sactiver les cookies dans les principaux navigateurs web ?<\/strong><\/p>\n<p>Pour configurer l&rsquo;utilisation des cookies, suivez les instructions de votre navigateur ou consultez son aide :<\/p>\n<ul>\n<li>Safari<\/li>\n<li>Firefox<\/li>\n<li>Chrome<\/li>\n<li>Op\u00e9ra<\/li>\n<li>Internet Explorer<\/li>\n<li>Bord<\/li>\n<\/ul>\n<p><strong>Que se passe-t-il si les cookies ne sont pas accept\u00e9s ?<\/strong><\/p>\n<p>Le refus des cookies peut emp\u00eacher l&rsquo;acc\u00e8s \u00e0 des contenus et services personnalis\u00e9s.<\/p>\n<p><strong>Mises \u00e0 jour et modifications de la politique en mati\u00e8re de cookies<\/strong><\/p>\n<p>BIRDING IN SPAIN&rsquo;S WILD WEST peut modifier cette politique en mati\u00e8re de cookies en fonction des exigences l\u00e9gislatives et r\u00e9glementaires, ou pour adapter la politique aux instructions \u00e9mises par l&rsquo;Agence espagnole de protection des donn\u00e9es, pour des raisons techniques ou pour la r\u00e9organisation du site Web. C&rsquo;est pourquoi nous vous recommandons de le consulter r\u00e9guli\u00e8rement.<\/p>\n<p><strong>Contacte<\/strong><\/p>\n<p>Si vous avez des questions sur la mani\u00e8re dont nous utilisons les cookies, veuillez nous envoyer un courriel \u00e0 l&rsquo;adresse suivante : <a href=\"mailto:birdinginspainswildwest@gmail.com\">birdinginspainswildwest@gmail.com<\/a><\/p>\n\t\t\t\t\t\t\t\t<\/div>\n\t\t\t\t<\/div>\n\t\t\t\t\t<\/div>\n\t\t<\/div>\n\t\t\t\t\t<\/div>\n\t\t<\/section>\n\t\t\t\t<\/div>\n\t\t","protected":false},"excerpt":{"rendered":"<p>Cookies Conform\u00e9ment \u00e0 la loi 34\/2002 du 11 juillet sur les services de la soci\u00e9t\u00e9 de l&rsquo;information et le commerce \u00e9lectronique (LSSICE), nous vous informons que ce site Web, BIRDING&hellip;<\/p>\n","protected":false},"author":31,"featured_media":0,"parent":0,"menu_order":0,"comment_status":"closed","ping_status":"closed","template":"","meta":{"_glsr_average":0,"_glsr_ranking":0,"_glsr_reviews":0,"footnotes":""},"class_list":["post-19647","page","type-page","status-publish","hentry"],"yoast_head":"<!-- This site is optimized with the Yoast SEO plugin v27.3 - https:\/\/yoast.com\/product\/yoast-seo-wordpress\/ -->\n<title>Politique en mati\u00e8re de cookies - BIRDING IN SPAIN&#039;S WILD WEST<\/title>\n<meta name=\"robots\" content=\"noindex, nofollow\" \/>\n<meta property=\"og:locale\" content=\"fr_FR\" \/>\n<meta property=\"og:type\" content=\"article\" \/>\n<meta property=\"og:title\" content=\"Politique en mati\u00e8re de cookies - BIRDING IN SPAIN&#039;S WILD WEST\" \/>\n<meta property=\"og:description\" content=\"Cookies Conform\u00e9ment \u00e0 la loi 34\/2002 du 11 juillet sur les services de la soci\u00e9t\u00e9 de l&rsquo;information et le commerce \u00e9lectronique (LSSICE), nous vous informons que ce site Web, BIRDING&hellip;\" \/>\n<meta property=\"og:url\" content=\"https:\/\/birdinginspainswildwest.com\/fr\/politique-en-matiere-de-cookies\/\" \/>\n<meta property=\"og:site_name\" content=\"BIRDING IN SPAIN&#039;S WILD WEST\" \/>\n<meta property=\"article:modified_time\" content=\"2024-11-22T12:10:36+00:00\" \/>\n<meta name=\"twitter:card\" content=\"summary_large_image\" \/>\n<meta name=\"twitter:label1\" content=\"Dur\u00e9e de lecture estim\u00e9e\" \/>\n\t<meta name=\"twitter:data1\" content=\"5 minutes\" \/>\n<script type=\"application\/ld+json\" class=\"yoast-schema-graph\">{\"@context\":\"https:\\\/\\\/schema.org\",\"@graph\":[{\"@type\":\"WebPage\",\"@id\":\"https:\\\/\\\/birdinginspainswildwest.com\\\/fr\\\/politique-en-matiere-de-cookies\\\/\",\"url\":\"https:\\\/\\\/birdinginspainswildwest.com\\\/fr\\\/politique-en-matiere-de-cookies\\\/\",\"name\":\"Politique en mati\u00e8re de cookies - BIRDING IN SPAIN&#039;S WILD WEST\",\"isPartOf\":{\"@id\":\"https:\\\/\\\/birdinginspainswildwest.com\\\/fr\\\/#website\"},\"datePublished\":\"2024-10-08T12:20:05+00:00\",\"dateModified\":\"2024-11-22T12:10:36+00:00\",\"breadcrumb\":{\"@id\":\"https:\\\/\\\/birdinginspainswildwest.com\\\/fr\\\/politique-en-matiere-de-cookies\\\/#breadcrumb\"},\"inLanguage\":\"fr-FR\",\"potentialAction\":[{\"@type\":\"ReadAction\",\"target\":[\"https:\\\/\\\/birdinginspainswildwest.com\\\/fr\\\/politique-en-matiere-de-cookies\\\/\"]}]},{\"@type\":\"BreadcrumbList\",\"@id\":\"https:\\\/\\\/birdinginspainswildwest.com\\\/fr\\\/politique-en-matiere-de-cookies\\\/#breadcrumb\",\"itemListElement\":[{\"@type\":\"ListItem\",\"position\":1,\"name\":\"Portada\",\"item\":\"https:\\\/\\\/birdinginspainswildwest.com\\\/fr\\\/\"},{\"@type\":\"ListItem\",\"position\":2,\"name\":\"Politique en mati\u00e8re de cookies\"}]},{\"@type\":\"WebSite\",\"@id\":\"https:\\\/\\\/birdinginspainswildwest.com\\\/fr\\\/#website\",\"url\":\"https:\\\/\\\/birdinginspainswildwest.com\\\/fr\\\/\",\"name\":\"BIRDING IN SPAIN&#039;S WILD WEST\",\"description\":\"Guided birding in the west of Spain\",\"publisher\":{\"@id\":\"https:\\\/\\\/birdinginspainswildwest.com\\\/fr\\\/#organization\"},\"potentialAction\":[{\"@type\":\"SearchAction\",\"target\":{\"@type\":\"EntryPoint\",\"urlTemplate\":\"https:\\\/\\\/birdinginspainswildwest.com\\\/fr\\\/?s={search_term_string}\"},\"query-input\":{\"@type\":\"PropertyValueSpecification\",\"valueRequired\":true,\"valueName\":\"search_term_string\"}}],\"inLanguage\":\"fr-FR\"},{\"@type\":\"Organization\",\"@id\":\"https:\\\/\\\/birdinginspainswildwest.com\\\/fr\\\/#organization\",\"name\":\"BIRDING IN SPAIN&#039;S WILD WEST\",\"url\":\"https:\\\/\\\/birdinginspainswildwest.com\\\/fr\\\/\",\"logo\":{\"@type\":\"ImageObject\",\"inLanguage\":\"fr-FR\",\"@id\":\"https:\\\/\\\/birdinginspainswildwest.com\\\/fr\\\/#\\\/schema\\\/logo\\\/image\\\/\",\"url\":\"https:\\\/\\\/birdinginspainswildwest.com\\\/wp-content\\\/uploads\\\/2020\\\/06\\\/logotipo.webp\",\"contentUrl\":\"https:\\\/\\\/birdinginspainswildwest.com\\\/wp-content\\\/uploads\\\/2020\\\/06\\\/logotipo.webp\",\"width\":179,\"height\":171,\"caption\":\"BIRDING IN SPAIN&#039;S WILD WEST\"},\"image\":{\"@id\":\"https:\\\/\\\/birdinginspainswildwest.com\\\/fr\\\/#\\\/schema\\\/logo\\\/image\\\/\"}}]}<\/script>\n<!-- \/ Yoast SEO plugin. -->","yoast_head_json":{"title":"Politique en mati\u00e8re de cookies - BIRDING IN SPAIN&#039;S WILD WEST","robots":{"index":"noindex","follow":"nofollow"},"og_locale":"fr_FR","og_type":"article","og_title":"Politique en mati\u00e8re de cookies - BIRDING IN SPAIN&#039;S WILD WEST","og_description":"Cookies Conform\u00e9ment \u00e0 la loi 34\/2002 du 11 juillet sur les services de la soci\u00e9t\u00e9 de l&rsquo;information et le commerce \u00e9lectronique (LSSICE), nous vous informons que ce site Web, BIRDING&hellip;","og_url":"https:\/\/birdinginspainswildwest.com\/fr\/politique-en-matiere-de-cookies\/","og_site_name":"BIRDING IN SPAIN&#039;S WILD WEST","article_modified_time":"2024-11-22T12:10:36+00:00","twitter_card":"summary_large_image","twitter_misc":{"Dur\u00e9e de lecture estim\u00e9e":"5 minutes"},"schema":{"@context":"https:\/\/schema.org","@graph":[{"@type":"WebPage","@id":"https:\/\/birdinginspainswildwest.com\/fr\/politique-en-matiere-de-cookies\/","url":"https:\/\/birdinginspainswildwest.com\/fr\/politique-en-matiere-de-cookies\/","name":"Politique en mati\u00e8re de cookies - BIRDING IN SPAIN&#039;S WILD WEST","isPartOf":{"@id":"https:\/\/birdinginspainswildwest.com\/fr\/#website"},"datePublished":"2024-10-08T12:20:05+00:00","dateModified":"2024-11-22T12:10:36+00:00","breadcrumb":{"@id":"https:\/\/birdinginspainswildwest.com\/fr\/politique-en-matiere-de-cookies\/#breadcrumb"},"inLanguage":"fr-FR","potentialAction":[{"@type":"ReadAction","target":["https:\/\/birdinginspainswildwest.com\/fr\/politique-en-matiere-de-cookies\/"]}]},{"@type":"BreadcrumbList","@id":"https:\/\/birdinginspainswildwest.com\/fr\/politique-en-matiere-de-cookies\/#breadcrumb","itemListElement":[{"@type":"ListItem","position":1,"name":"Portada","item":"https:\/\/birdinginspainswildwest.com\/fr\/"},{"@type":"ListItem","position":2,"name":"Politique en mati\u00e8re de cookies"}]},{"@type":"WebSite","@id":"https:\/\/birdinginspainswildwest.com\/fr\/#website","url":"https:\/\/birdinginspainswildwest.com\/fr\/","name":"BIRDING IN SPAIN&#039;S WILD WEST","description":"Guided birding in the west of Spain","publisher":{"@id":"https:\/\/birdinginspainswildwest.com\/fr\/#organization"},"potentialAction":[{"@type":"SearchAction","target":{"@type":"EntryPoint","urlTemplate":"https:\/\/birdinginspainswildwest.com\/fr\/?s={search_term_string}"},"query-input":{"@type":"PropertyValueSpecification","valueRequired":true,"valueName":"search_term_string"}}],"inLanguage":"fr-FR"},{"@type":"Organization","@id":"https:\/\/birdinginspainswildwest.com\/fr\/#organization","name":"BIRDING IN SPAIN&#039;S WILD WEST","url":"https:\/\/birdinginspainswildwest.com\/fr\/","logo":{"@type":"ImageObject","inLanguage":"fr-FR","@id":"https:\/\/birdinginspainswildwest.com\/fr\/#\/schema\/logo\/image\/","url":"https:\/\/birdinginspainswildwest.com\/wp-content\/uploads\/2020\/06\/logotipo.webp","contentUrl":"https:\/\/birdinginspainswildwest.com\/wp-content\/uploads\/2020\/06\/logotipo.webp","width":179,"height":171,"caption":"BIRDING IN SPAIN&#039;S WILD WEST"},"image":{"@id":"https:\/\/birdinginspainswildwest.com\/fr\/#\/schema\/logo\/image\/"}}]}},"_links":{"self":[{"href":"https:\/\/birdinginspainswildwest.com\/fr\/wp-json\/wp\/v2\/pages\/19647","targetHints":{"allow":["GET"]}}],"collection":[{"href":"https:\/\/birdinginspainswildwest.com\/fr\/wp-json\/wp\/v2\/pages"}],"about":[{"href":"https:\/\/birdinginspainswildwest.com\/fr\/wp-json\/wp\/v2\/types\/page"}],"author":[{"embeddable":true,"href":"https:\/\/birdinginspainswildwest.com\/fr\/wp-json\/wp\/v2\/users\/31"}],"replies":[{"embeddable":true,"href":"https:\/\/birdinginspainswildwest.com\/fr\/wp-json\/wp\/v2\/comments?post=19647"}],"version-history":[{"count":1,"href":"https:\/\/birdinginspainswildwest.com\/fr\/wp-json\/wp\/v2\/pages\/19647\/revisions"}],"predecessor-version":[{"id":19648,"href":"https:\/\/birdinginspainswildwest.com\/fr\/wp-json\/wp\/v2\/pages\/19647\/revisions\/19648"}],"wp:attachment":[{"href":"https:\/\/birdinginspainswildwest.com\/fr\/wp-json\/wp\/v2\/media?parent=19647"}],"curies":[{"name":"wp","href":"https:\/\/api.w.org\/{rel}","templated":true}]}}